{"id":12489,"date":"2020-07-28T15:59:39","date_gmt":"2020-07-28T13:59:39","guid":{"rendered":"https:\/\/arkiv.conraddesign.dk\/allgemeine-geschaeftsbedingungen\/"},"modified":"2021-02-04T16:13:35","modified_gmt":"2021-02-04T15:13:35","slug":"allgemeine-geschaeftsbedingungen","status":"publish","type":"page","link":"https:\/\/arkiv.conraddesign.dk\/de\/allgemeine-geschaeftsbedingungen\/","title":{"rendered":"Allgemeine Gesch\u00e4ftsbedingungen"},"content":{"rendered":"<h3>VERKAUFS- UND LIEFERBEDINGUNGEN<\/h3>\n<p>Diese Verkaufs- und Lieferbedingungen gelten f\u00fcr den Kauf von Waren am Conraddesign.dk.<\/p>\n<p>.<\/p>\n<p>&nbsp;<\/p>\n<h4>Bestellung und Bezahlung<\/h4>\n<p>Conraddesign.dk ist 24 Stunden am Tag ge\u00f6ffnet, um auf Conraddesign.dk sie mindestens 18 Jahre alt sein und im Besitz einer g\u00fcltigen Debitkarte sein m\u00fcssen.<\/p>\n<p>Sie k\u00f6nnen die Artikel ausw\u00e4hlen, die Sie kaufen m\u00f6chten, und sie in den &#8222;Einkaufswagen&#8220; legen. Bis zum Zeitpunkt der Bestellung k\u00f6nnen Sie den Inhalt des Warenkorbs korrigieren und den Inhalt und den Preis der Artikel laufend \u00fcberpr\u00fcfen.<\/p>\n<p>Zus\u00e4tzliche Zahlungen z.B. f\u00fcr Fracht- und Zahlungskartengeb\u00fchren werden erst in der letzten Phase der Berechnung berechnet und erscheinen auf der Rechnung, bevor Sie sie genehmigen. Sie k\u00f6nnen die Bestellung jederzeit vor der Zahlung \u00e4ndern oder stornieren.<\/p>\n<p>Sie geben Ihren Namen, Ihre Adresse, Ihre E-Mail-Adresse, tlf.nr. Zahlungsformular ein und w\u00e4hlen die Art der Lieferung aus. Wenn Sie die Schaltfl\u00e4che &#8222;Kauf genehmigen&#8220; dr\u00fccken, wird die Bestellung an Conraddesign.dk gesendet.<\/p>\n<p>Sobald Sie einen Artikel bei uns bestellt haben, erhalten Sie eine Quittung f\u00fcr unseren Eingang Ihrer Bestellung. Ein verbindlicher Kaufvertrag wurde jedoch erst abgeschlossen, nachdem Sie eine Auftragsbest\u00e4tigung von Conraddesign.dk erhalten haben.<\/p>\n<p>Conraddesign.dk verschl\u00fcsselt alle Ihre Karteninformationen mit dem sogenannten SSL-Protokoll (Secure Socket Layer). Dies bedeutet, dass Unbefugte Ihre Kartennummer oder andere Informationen w\u00e4hrend der Transaktion mit PBS nicht lesen k\u00f6nnen.<\/p>\n<p>&nbsp;<\/p>\n<h4>Stornierung<\/h4>\n<p>Bei Conraddesign.dk haben Sie ein 14-t\u00e4giges Widerrufsrecht nach d\u00e4nischem\/EU Recht. Einige Artikel fallen nicht unter das Widerrufsrecht, z.B. Muster. Wenn der Artikel nicht durch das Widerrufsrecht abgedeckt ist, wird er im Bestellprozess angezeigt.<\/p>\n<p>Das Widerrufsrecht beginnt am Tag, an dem Sie den Artikel erhalten haben. Nach Erhalt d\u00fcrfen Sie die Ware nur so behandeln, dass Sie art, -eigenschaften und wie sie arbeiten.<\/p>\n<p>Bei einigen Gegenst\u00e4nden gibt es kein Widerrufsrecht, z. B. Muster, oder Sie verlieren Ihr Widerrufsrecht, wenn der Artikel gebrochen ist.<\/p>\n<p>Zur Geltendmachung des Widerrufsrechts m\u00fcssen Sie uns dies innerhalb von 14 Tagen nach Erhalt der Ware durch eine eindeutige Erkl\u00e4rung mitteilen.<\/p>\n<p>&nbsp;<\/p>\n<h4>R\u00fcckgabe<\/h4>\n<p>Wenn Sie den Kauf bedauern, m\u00fcssen die Artikel an folgende Punkte zur\u00fcckgegeben werden:<br \/>\nConraddesign.dk<br \/>\n\u00d8ster Snedevej 39<br \/>\n7120 Vejle \u00d8, Denmark<\/p>\n<p>&nbsp;<\/p>\n<p>Bei der R\u00fccksendung m\u00fcssen Sie eine Kopie der Auftragsbest\u00e4tigung oder einer anderen Dokumentation f\u00fcr Ihren Kauf beistellen. Sie m\u00fcssen sicherstellen, dass die Ware sicher verpackt ist, da Sie f\u00fcr den Artikel verantwortlich sind, bis wir ihn erhalten haben. Sie m\u00fcssen alle Ausgaben f\u00fcr die R\u00fccksendung des Artikels bezahlen. Pakete, die pro Anforderung gesendet werden, werden nicht empfangen.<\/p>\n<p>Wenn wir den Artikel erhalten, erhalten Sie den Betrag zur\u00fcckerstattet, den Sie uns f\u00fcr das betreffende Produkt gezahlt haben. Der Betrag wird auf dasselbe Zahlungsmittel \u00fcberwiesen, das Sie f\u00fcr den Kauf verwendet haben.<\/p>\n<p>Sie k\u00f6nnen Ihr Widerrufsrecht ganz oder teilweise verlieren.<\/p>\n<p><strong>Dies tritt auf, wenn der Wert des Elements beeintr\u00e4chtigt wird, weil:<\/strong><\/p>\n<p>&nbsp;<\/p>\n<p>Sie haben das Element verwendet.<\/p>\n<p>Es wurde besch\u00e4digt, w\u00e4hrend Sie daf\u00fcr verantwortlich waren,<\/p>\n<p>Sie haben das Element falsch behandelt.<\/p>\n<p>M\u00f6glicherweise haben Sie den Artikel verwendet, um verpacken zu brechen.<\/p>\n<p>&nbsp;<\/p>\n<h4>Beschwerden<\/h4>\n<p>Ihr Kauf ist durch das d\u00e4nische Kaufgesetz abgedeckt. Dies bedeutet, dass Sie entweder einen defekten Artikel reparieren lassen k\u00f6nnen, umgetauscht, Geld zur\u00fcckoder im Preis diskontiert.<\/p>\n<p>Voraussetzung ist, dass die R\u00fcge gerechtfertigt ist und dass der Mangel nicht durch unsachgem\u00e4\u00dfe Verwendung des Produkts oder sonstiges sch\u00e4dliches Verhalten entstanden ist.<\/p>\n<p>Sie k\u00f6nnen werben, indem Sie <a href=\"mailto:butik@conraddesign.dk\">butik@conraddesign.dk<\/a><\/p>\n<p>Denken Sie daran, dass das Produkt in ordnungsgem\u00e4\u00dfer Verpackung versendet werden muss. Sie sind f\u00fcr die Ware bis zu unserem Eingang verantwortlich. Wir erhalten keine Pakete, die pro Anfrage gesendet werden.<\/p>\n<p>&nbsp;<\/p>\n<h3>Pers\u00f6nliche Daten<\/h3>\n<p>Um auf Conraddesign.dk reagieren zu k\u00f6nnen, m\u00fcssen Sie Folgendes angeben:<\/p>\n<ul>\n<li>Namen<\/li>\n<li>Adresse<\/li>\n<li>E-Mail-Adresse<\/li>\n<li>Telefon-\/Mobilnummer<\/li>\n<\/ul>\n<p>&nbsp;<\/p>\n<p>Gem\u00e4\u00df Section 10 des Rechnungslegungsgesetzes m\u00fcssen diese Informationen und Informationen \u00fcber Ihren Handel f\u00fcr 5 Jahre ab dem Ende des Gesch\u00e4ftsjahres gespeichert werden, auf das sich die Informationen beziehen. Die Informationen werden dann gel\u00f6scht.<\/p>\n<p>Wenn Sie Mitglied von butik.Conraddesign.dk sind, werden Ihre pers\u00f6nlichen Daten und Bestellinformationen nicht gel\u00f6scht, es sei denn, Sie m\u00f6chten.<\/p>\n<p>Informationen werden nicht an Dritte weitergegeben, es sei denn, dies geschieht im Zusammenhang mit einem Verkauf des Unternehmens. Die Offenlegung erfolgt in einer solchen Situation in \u00dcbereinstimmung mit dem anwendbaren Gesetz \u00fcber personenbezogene Daten.<\/p>\n<p>&nbsp;<\/p>\n<h4>Cookies<\/h4>\n<p>Durch die Nutzung Conraddesign.dk erkl\u00e4ren Sie sich damit einverstanden, dass wir Cookies verwenden, um den Inhalt des Warenkorbs zu verfolgen. Cookies sind kein Programm und enthalten keinen Virus.<\/p>\n<p>&nbsp;<\/p>\n<h4>Reservierungen<\/h4>\n<p>Conraddesign.dk die Druck-\/Typos, eingestellte\/ausverkaufte Ware, technische M\u00e4ngel und M\u00e4ngel oder Lieferverz\u00f6gerungen von Subunternehmern vorbehalten.<\/p>\n","protected":false},"excerpt":{"rendered":"<p>VERKAUFS- UND LIEFERBEDINGUNGEN Diese Verkaufs- und Lieferbedingungen gelten f\u00fcr den Kauf von Waren am Conraddesign.dk. . &nbsp; Bestellung und Bezahlung Conraddesign.dk ist 24 Stunden am Tag ge\u00f6ffnet, um auf Conraddesign.dk sie mindestens 18 Jahre alt sein und im Besitz einer g\u00fcltigen Debitkarte sein m\u00fcssen. Sie k\u00f6nnen die Artikel ausw\u00e4hlen, die Sie kaufen m\u00f6chten, und sie&hellip;<\/p>\n","protected":false},"author":1,"featured_media":0,"parent":0,"menu_order":0,"comment_status":"closed","ping_status":"closed","template":"","meta":{"footnotes":""},"class_list":["post-12489","page","type-page","status-publish","hentry","description-off"],"aioseo_notices":[],"yoast_head":"<!-- This site is optimized with the Yoast SEO plugin v25.7 - https:\/\/yoast.com\/wordpress\/plugins\/seo\/ -->\n<title>Allgemeine Gesch\u00e4ftsbedingungen - Conraddesign<\/title>\n<meta name=\"robots\" content=\"noindex, follow, max-snippet:-1, max-image-preview:large, max-video-preview:-1\" \/>\n<meta property=\"og:locale\" content=\"de_DE\" \/>\n<meta property=\"og:type\" content=\"article\" \/>\n<meta property=\"og:title\" content=\"Allgemeine Gesch\u00e4ftsbedingungen - Conraddesign\" \/>\n<meta property=\"og:description\" content=\"VERKAUFS- UND LIEFERBEDINGUNGEN Diese Verkaufs- und Lieferbedingungen gelten f\u00fcr den Kauf von Waren am Conraddesign.dk. . &nbsp; Bestellung und Bezahlung Conraddesign.dk ist 24 Stunden am Tag ge\u00f6ffnet, um auf Conraddesign.dk sie mindestens 18 Jahre alt sein und im Besitz einer g\u00fcltigen Debitkarte sein m\u00fcssen. Sie k\u00f6nnen die Artikel ausw\u00e4hlen, die Sie kaufen m\u00f6chten, und sie&hellip;\" \/>\n<meta property=\"og:url\" content=\"https:\/\/arkiv.conraddesign.dk\/de\/allgemeine-geschaeftsbedingungen\/\" \/>\n<meta property=\"og:site_name\" content=\"Conraddesign\" \/>\n<meta property=\"article:modified_time\" content=\"2021-02-04T15:13:35+00:00\" \/>\n<meta name=\"twitter:card\" content=\"summary_large_image\" \/>\n<meta name=\"twitter:label1\" content=\"Gesch\u00e4tzte Lesezeit\" \/>\n\t<meta name=\"twitter:data1\" content=\"4\u00a0Minuten\" \/>\n<script type=\"application\/ld+json\" class=\"yoast-schema-graph\">{\"@context\":\"https:\/\/schema.org\",\"@graph\":[{\"@type\":\"WebPage\",\"@id\":\"https:\/\/arkiv.conraddesign.dk\/de\/allgemeine-geschaeftsbedingungen\/\",\"url\":\"https:\/\/arkiv.conraddesign.dk\/de\/allgemeine-geschaeftsbedingungen\/\",\"name\":\"Allgemeine Gesch\u00e4ftsbedingungen - Conraddesign\",\"isPartOf\":{\"@id\":\"https:\/\/arkiv.conraddesign.dk\/#website\"},\"datePublished\":\"2020-07-28T13:59:39+00:00\",\"dateModified\":\"2021-02-04T15:13:35+00:00\",\"breadcrumb\":{\"@id\":\"https:\/\/arkiv.conraddesign.dk\/de\/allgemeine-geschaeftsbedingungen\/#breadcrumb\"},\"inLanguage\":\"de\",\"potentialAction\":[{\"@type\":\"ReadAction\",\"target\":[\"https:\/\/arkiv.conraddesign.dk\/de\/allgemeine-geschaeftsbedingungen\/\"]}]},{\"@type\":\"BreadcrumbList\",\"@id\":\"https:\/\/arkiv.conraddesign.dk\/de\/allgemeine-geschaeftsbedingungen\/#breadcrumb\",\"itemListElement\":[{\"@type\":\"ListItem\",\"position\":1,\"name\":\"Hjem\",\"item\":\"https:\/\/arkiv.conraddesign.dk\/de\/\"},{\"@type\":\"ListItem\",\"position\":2,\"name\":\"Allgemeine Gesch\u00e4ftsbedingungen\"}]},{\"@type\":\"WebSite\",\"@id\":\"https:\/\/arkiv.conraddesign.dk\/#website\",\"url\":\"https:\/\/arkiv.conraddesign.dk\/\",\"name\":\"Conraddesign\",\"description\":\"\",\"potentialAction\":[{\"@type\":\"SearchAction\",\"target\":{\"@type\":\"EntryPoint\",\"urlTemplate\":\"https:\/\/arkiv.conraddesign.dk\/?s={search_term_string}\"},\"query-input\":{\"@type\":\"PropertyValueSpecification\",\"valueRequired\":true,\"valueName\":\"search_term_string\"}}],\"inLanguage\":\"de\"}]}<\/script>\n<!-- \/ Yoast SEO plugin. -->","yoast_head_json":{"title":"Allgemeine Gesch\u00e4ftsbedingungen - Conraddesign","robots":{"index":"noindex","follow":"follow","max-snippet":"max-snippet:-1","max-image-preview":"max-image-preview:large","max-video-preview":"max-video-preview:-1"},"og_locale":"de_DE","og_type":"article","og_title":"Allgemeine Gesch\u00e4ftsbedingungen - Conraddesign","og_description":"VERKAUFS- UND LIEFERBEDINGUNGEN Diese Verkaufs- und Lieferbedingungen gelten f\u00fcr den Kauf von Waren am Conraddesign.dk. . &nbsp; Bestellung und Bezahlung Conraddesign.dk ist 24 Stunden am Tag ge\u00f6ffnet, um auf Conraddesign.dk sie mindestens 18 Jahre alt sein und im Besitz einer g\u00fcltigen Debitkarte sein m\u00fcssen. Sie k\u00f6nnen die Artikel ausw\u00e4hlen, die Sie kaufen m\u00f6chten, und sie&hellip;","og_url":"https:\/\/arkiv.conraddesign.dk\/de\/allgemeine-geschaeftsbedingungen\/","og_site_name":"Conraddesign","article_modified_time":"2021-02-04T15:13:35+00:00","twitter_card":"summary_large_image","twitter_misc":{"Gesch\u00e4tzte Lesezeit":"4\u00a0Minuten"},"schema":{"@context":"https:\/\/schema.org","@graph":[{"@type":"WebPage","@id":"https:\/\/arkiv.conraddesign.dk\/de\/allgemeine-geschaeftsbedingungen\/","url":"https:\/\/arkiv.conraddesign.dk\/de\/allgemeine-geschaeftsbedingungen\/","name":"Allgemeine Gesch\u00e4ftsbedingungen - Conraddesign","isPartOf":{"@id":"https:\/\/arkiv.conraddesign.dk\/#website"},"datePublished":"2020-07-28T13:59:39+00:00","dateModified":"2021-02-04T15:13:35+00:00","breadcrumb":{"@id":"https:\/\/arkiv.conraddesign.dk\/de\/allgemeine-geschaeftsbedingungen\/#breadcrumb"},"inLanguage":"de","potentialAction":[{"@type":"ReadAction","target":["https:\/\/arkiv.conraddesign.dk\/de\/allgemeine-geschaeftsbedingungen\/"]}]},{"@type":"BreadcrumbList","@id":"https:\/\/arkiv.conraddesign.dk\/de\/allgemeine-geschaeftsbedingungen\/#breadcrumb","itemListElement":[{"@type":"ListItem","position":1,"name":"Hjem","item":"https:\/\/arkiv.conraddesign.dk\/de\/"},{"@type":"ListItem","position":2,"name":"Allgemeine Gesch\u00e4ftsbedingungen"}]},{"@type":"WebSite","@id":"https:\/\/arkiv.conraddesign.dk\/#website","url":"https:\/\/arkiv.conraddesign.dk\/","name":"Conraddesign","description":"","potentialAction":[{"@type":"SearchAction","target":{"@type":"EntryPoint","urlTemplate":"https:\/\/arkiv.conraddesign.dk\/?s={search_term_string}"},"query-input":{"@type":"PropertyValueSpecification","valueRequired":true,"valueName":"search_term_string"}}],"inLanguage":"de"}]}},"_links":{"self":[{"href":"https:\/\/arkiv.conraddesign.dk\/de\/wp-json\/wp\/v2\/pages\/12489","targetHints":{"allow":["GET"]}}],"collection":[{"href":"https:\/\/arkiv.conraddesign.dk\/de\/wp-json\/wp\/v2\/pages"}],"about":[{"href":"https:\/\/arkiv.conraddesign.dk\/de\/wp-json\/wp\/v2\/types\/page"}],"author":[{"embeddable":true,"href":"https:\/\/arkiv.conraddesign.dk\/de\/wp-json\/wp\/v2\/users\/1"}],"replies":[{"embeddable":true,"href":"https:\/\/arkiv.conraddesign.dk\/de\/wp-json\/wp\/v2\/comments?post=12489"}],"version-history":[{"count":1,"href":"https:\/\/arkiv.conraddesign.dk\/de\/wp-json\/wp\/v2\/pages\/12489\/revisions"}],"predecessor-version":[{"id":14988,"href":"https:\/\/arkiv.conraddesign.dk\/de\/wp-json\/wp\/v2\/pages\/12489\/revisions\/14988"}],"wp:attachment":[{"href":"https:\/\/arkiv.conraddesign.dk\/de\/wp-json\/wp\/v2\/media?parent=12489"}],"curies":[{"name":"wp","href":"https:\/\/api.w.org\/{rel}","templated":true}]}}