{"id":14835,"date":"2021-01-29T14:08:59","date_gmt":"2021-01-29T13:08:59","guid":{"rendered":"https:\/\/arkiv.conraddesign.dk\/startseite\/"},"modified":"2021-01-30T13:40:06","modified_gmt":"2021-01-30T12:40:06","slug":"startseite","status":"publish","type":"page","link":"https:\/\/arkiv.conraddesign.dk\/de\/","title":{"rendered":"Startseite"},"content":{"rendered":"<p>[vc_row][vc_column][vc_message message_box_color=&#8220;orange&#8220;]<\/p>\n<p style=\"text-align: center;\"><span style=\"color: #ff0000;\"><strong>Unsere deutsche Website befindet sich im Aufbau. Wir haben bereits viele Produkte ins deutsche \u00fcbersetzt. Wir werden noch viel mehr in die Zukunft stecken.<\/strong><\/span><\/p>\n<p>[\/vc_message][\/vc_column][\/vc_row][vc_row][vc_column width=&#8220;1\/3&#8243;]<section class=\"shortcode-teaser img-full frame-fancy frame-on\"><div class=\"shortcode-teaser-img\"><a class=\"layzr-bg rollover\" href=\"https:\/\/arkiv.conraddesign.dk\/shoppen\/strikkekit\/\"><img loading=\"lazy\" decoding=\"async\" class=\"lazy-load\" src=\"data:image\/svg+xml;charset=utf-8,%3Csvg xmlns%3D&#039;http%3A%2F%2Fwww.w3.org%2F2000%2Fsvg&#039; viewBox%3D&#039;0 0 1011 1012&#039;%2F%3E\" width=\"1011\" height=\"1012\" data-srcset=\"https:\/\/arkiv.conraddesign.dk\/wp-content\/uploads\/2017\/04\/D5C26019C99C4DFD846A60F9A67440BE.jpg 1011w\" data-src=\"https:\/\/arkiv.conraddesign.dk\/wp-content\/uploads\/2017\/04\/D5C26019C99C4DFD846A60F9A67440BE.jpg\" \/><\/a><\/div><div class=\"shortcode-teaser-content text-big\"><h3 style=\"text-align: center;\"><a href=\"https:\/\/arkiv.conraddesign.dk\/shoppen\/strikkekit\/\">Strickset<\/a><\/h3>\n<\/div><\/section>[\/vc_column][vc_column width=&#8220;1\/3&#8243;]<section class=\"shortcode-teaser img-full frame-fancy frame-on\"><div class=\"shortcode-teaser-img\"><a class=\"layzr-bg rollover\" href=\"https:\/\/arkiv.conraddesign.dk\/shoppen\/garn\/\"><img loading=\"lazy\" decoding=\"async\" class=\"lazy-load\" src=\"data:image\/svg+xml;charset=utf-8,%3Csvg xmlns%3D&#039;http%3A%2F%2Fwww.w3.org%2F2000%2Fsvg&#039; viewBox%3D&#039;0 0 919 919&#039;%2F%3E\" width=\"919\" height=\"919\" data-srcset=\"https:\/\/arkiv.conraddesign.dk\/wp-content\/uploads\/2017\/04\/344578088D3B41FDA5A5859B25D69B10.jpg 919w\" data-src=\"https:\/\/arkiv.conraddesign.dk\/wp-content\/uploads\/2017\/04\/344578088D3B41FDA5A5859B25D69B10.jpg\" \/><\/a><\/div><div class=\"shortcode-teaser-content text-big\"><h3 style=\"text-align: center;\"><a href=\"https:\/\/arkiv.conraddesign.dk\/shoppen\/garn\/\">Wolle<\/a><\/h3>\n<\/div><\/section>[\/vc_column][vc_column width=&#8220;1\/3&#8243;]<section class=\"shortcode-teaser img-full frame-fancy frame-on\"><div class=\"shortcode-teaser-img\"><a class=\"layzr-bg rollover\" href=\"https:\/\/arkiv.conraddesign.dk\/shoppen\/opskrifter\/\"><img loading=\"lazy\" decoding=\"async\" class=\"lazy-load\" src=\"data:image\/svg+xml;charset=utf-8,%3Csvg xmlns%3D&#039;http%3A%2F%2Fwww.w3.org%2F2000%2Fsvg&#039; viewBox%3D&#039;0 0 765 765&#039;%2F%3E\" width=\"765\" height=\"765\" data-srcset=\"https:\/\/arkiv.conraddesign.dk\/wp-content\/uploads\/2017\/04\/25D54E9ABD5E48F6BF20B6BD2BEA81E9.jpg 765w\" data-src=\"https:\/\/arkiv.conraddesign.dk\/wp-content\/uploads\/2017\/04\/25D54E9ABD5E48F6BF20B6BD2BEA81E9.jpg\" \/><\/a><\/div><div class=\"shortcode-teaser-content text-big\"><h3 style=\"text-align: center;\"><a href=\"https:\/\/arkiv.conraddesign.dk\/shoppen\/opskrifter\/\">Strickanleitung<\/a><\/h3>\n<\/div><\/section>[\/vc_column][\/vc_row][vc_row type=&#8220;vc_default&#8220; margin_top=&#8220;32&#8243; bg_type=&#8220;bg_color&#8220; bg_override=&#8220;ex-full&#8220; bg_color_value=&#8220;#ffffff&#8220; css=&#8220;.vc_custom_1492699441008{margin-top: 32px !important;margin-bottom: 32px !important;}&#8220;][vc_column width=&#8220;1\/3&#8243;][bsf-info-box icon=&#8220;icomoon-brankic-32&#215;32-shipping&#8220; icon_size=&#8220;100&#8243; icon_color=&#8220;#e1be19&#8243; icon_animation=&#8220;fadeInUp&#8220; title=&#8220;Einfacher Versand&#8220; pos=&#8220;top&#8220; title_font_style=&#8220;font-weight:bold;&#8220; title_font_color=&#8220;#e1be19&#8243; desc_font_color=&#8220;#ffffff&#8220; title_font_size=&#8220;desktop:30px;&#8220; title_font_line_height=&#8220;desktop:35px;&#8220;][\/bsf-info-box][\/vc_column][vc_column width=&#8220;1\/3&#8243;][bsf-info-box icon=&#8220;Defaults-thumbs-up&#8220; icon_size=&#8220;100&#8243; icon_color=&#8220;#e1be19&#8243; icon_animation=&#8220;fadeInUp&#8220; title=&#8220;Vertrauen und Respekt&#8220; pos=&#8220;top&#8220; title_font_style=&#8220;font-weight:bold;&#8220; title_font_color=&#8220;#e1be19&#8243; desc_font_color=&#8220;#ffffff&#8220; title_font_size=&#8220;desktop:30px;&#8220; title_font_line_height=&#8220;desktop:35px;&#8220;][\/bsf-info-box][\/vc_column][vc_column width=&#8220;1\/3&#8243;][bsf-info-box icon=&#8220;Defaults-cut scissors&#8220; icon_size=&#8220;100&#8243; icon_color=&#8220;#e1be19&#8243; icon_animation=&#8220;fadeInUp&#8220; title=&#8220;Qualit\u00e4tswolle&#8220; pos=&#8220;top&#8220; title_font_style=&#8220;font-weight:bold;&#8220; title_font_color=&#8220;#e1be19&#8243; desc_font_color=&#8220;#ffffff&#8220; title_font_size=&#8220;desktop:30px;&#8220; title_font_line_height=&#8220;desktop:35px;&#8220;][\/bsf-info-box][\/vc_column][\/vc_row][vc_row][vc_column][vc_empty_space]<div class=\"dt-fancy-separator h3-size accent-border-color\" style=\"width: 100%;\"><div class=\"dt-fancy-title bg-on\" style=\"color: #ffffff;\"><span class=\"separator-holder separator-left\"><\/span>Empfohlene Produkte<span class=\"separator-holder separator-right\"><\/span><\/div><\/div>[vc_empty_space]<div class=\"woocommerce columns-4 \"><div class=\"wf-container dt-products  woo-hover products loading-effect-fade-in description-on-hover cart-btn-on-img wc-img-hover hide-description wc-grid\" data-padding=\"0px\" data-cur-page=\"1\" data-desktop-columns-num=\"4\" data-v-tablet-columns-num=\"2\" data-h-tablet-columns-num=\"3\" data-phone-columns-num=\"2\">\n\n<article class=\"post visible tm-has-options description-off product type-product post-15483 status-publish first instock product_cat-stricksaet product_cat-strickset-fuer-frauen has-post-thumbnail featured taxable shipping-taxable purchasable product-type-variable\">\n\n\t<figure class=\"woocom-project\">\n\t<div class=\"woo-buttons-on-img\">\n\n\t\t<a href=\"https:\/\/arkiv.conraddesign.dk\/de\/shop\/stricksaet\/strickset-fuer-frauen\/annabelle\/\" class=\"alignnone layzr-bg\"><img loading=\"lazy\" decoding=\"async\" width=\"300\" height=\"400\" src=\"data:image\/svg+xml;charset=utf-8,%3Csvg xmlns%3D&#039;http%3A%2F%2Fwww.w3.org%2F2000%2Fsvg&#039; viewBox%3D&#039;0 0 300 400&#039;%2F%3E\" class=\"attachment-woocommerce_thumbnail size-woocommerce_thumbnail lazy-load preload-me\" alt=\"\" data-src=\"https:\/\/arkiv.conraddesign.dk\/wp-content\/uploads\/2020\/08\/Annabelle-3-300x400.jpg\" data-srcset=\"https:\/\/arkiv.conraddesign.dk\/wp-content\/uploads\/2020\/08\/Annabelle-3-300x400.jpg 300w, https:\/\/arkiv.conraddesign.dk\/wp-content\/uploads\/2020\/08\/Annabelle-3-768x1024.jpg 768w, https:\/\/arkiv.conraddesign.dk\/wp-content\/uploads\/2020\/08\/Annabelle-3-150x200.jpg 150w, https:\/\/arkiv.conraddesign.dk\/wp-content\/uploads\/2020\/08\/Annabelle-3-600x800.jpg 600w, https:\/\/arkiv.conraddesign.dk\/wp-content\/uploads\/2020\/08\/Annabelle-3.jpg 1124w\" \/><img loading=\"lazy\" decoding=\"async\" width=\"300\" height=\"400\" src=\"data:image\/svg+xml;charset=utf-8,%3Csvg xmlns%3D&#039;http%3A%2F%2Fwww.w3.org%2F2000%2Fsvg&#039; viewBox%3D&#039;0 0 300 400&#039;%2F%3E\" class=\"show-on-hover back-image lazy-load preload-me\" alt=\"\" data-src=\"https:\/\/arkiv.conraddesign.dk\/wp-content\/uploads\/2020\/08\/Annabelle-5-300x400.jpg\" data-srcset=\"https:\/\/arkiv.conraddesign.dk\/wp-content\/uploads\/2020\/08\/Annabelle-5-300x400.jpg 300w, https:\/\/arkiv.conraddesign.dk\/wp-content\/uploads\/2020\/08\/Annabelle-5-768x1024.jpg 768w, https:\/\/arkiv.conraddesign.dk\/wp-content\/uploads\/2020\/08\/Annabelle-5-150x200.jpg 150w, https:\/\/arkiv.conraddesign.dk\/wp-content\/uploads\/2020\/08\/Annabelle-5-600x800.jpg 600w, https:\/\/arkiv.conraddesign.dk\/wp-content\/uploads\/2020\/08\/Annabelle-5.jpg 1109w\" \/><\/a>\n\t<\/div>\n\t<figcaption class=\"woocom-list-content\">\n\n\t\t<div class=\"woocommerce-product-details__short-description\">\n\t<p>Gr\u00f6\u00dfe: S &#8211; XXL<\/p>\n<p>Schicker und aparter Pullover<\/p>\n<ul>\n<li>Wolle: Alpaka \/ Jay<\/li>\n<li>Wolle: Coast \/ Jay<\/li>\n<\/ul>\n<p>Strickset enth\u00e4lt Wolle und deutsche Strikanweisungen<\/p>\n<p>Wenn die \u00c4rmel oder die L\u00e4nge des Pullovers vergr\u00f6\u00dfert werden sollen, muss 1 zus\u00e4tzlicher Kn\u00e4ueln f\u00fcr jeden wolle typ gekauft werden.<\/p>\n<p>Design: Ketty Conrad<\/p>\n<\/div>\n\n\t<\/figcaption>\n<\/figure>\n\n<\/article>\n\n\n\n<article class=\"post visible tm-no-options description-off product type-product post-14659 status-publish instock product_cat-stricksaet product_cat-strickset-fuer-frauen has-post-thumbnail featured taxable shipping-taxable purchasable product-type-variable has-default-attributes\">\n\n\t<figure class=\"woocom-project\">\n\t<div class=\"woo-buttons-on-img\">\n\n\t\t<a href=\"https:\/\/arkiv.conraddesign.dk\/de\/shop\/stricksaet\/strickset-fuer-frauen\/ketty-troejen-2\/\" class=\"alignnone layzr-bg\"><img loading=\"lazy\" decoding=\"async\" width=\"300\" height=\"400\" src=\"data:image\/svg+xml;charset=utf-8,%3Csvg xmlns%3D&#039;http%3A%2F%2Fwww.w3.org%2F2000%2Fsvg&#039; viewBox%3D&#039;0 0 300 400&#039;%2F%3E\" class=\"attachment-woocommerce_thumbnail size-woocommerce_thumbnail lazy-load preload-me\" alt=\"\" data-src=\"https:\/\/arkiv.conraddesign.dk\/wp-content\/uploads\/2017\/12\/10423273_10153905040392230_958794406450785458_n.jpg\" data-srcset=\"https:\/\/arkiv.conraddesign.dk\/wp-content\/uploads\/2017\/12\/10423273_10153905040392230_958794406450785458_n.jpg 720w, https:\/\/arkiv.conraddesign.dk\/wp-content\/uploads\/2017\/12\/10423273_10153905040392230_958794406450785458_n-150x200.jpg 150w, https:\/\/arkiv.conraddesign.dk\/wp-content\/uploads\/2017\/12\/10423273_10153905040392230_958794406450785458_n-300x400.jpg 300w, https:\/\/arkiv.conraddesign.dk\/wp-content\/uploads\/2017\/12\/10423273_10153905040392230_958794406450785458_n-180x240.jpg 180w, https:\/\/arkiv.conraddesign.dk\/wp-content\/uploads\/2017\/12\/10423273_10153905040392230_958794406450785458_n-600x800.jpg 600w\" \/><img loading=\"lazy\" decoding=\"async\" width=\"300\" height=\"400\" src=\"data:image\/svg+xml;charset=utf-8,%3Csvg xmlns%3D&#039;http%3A%2F%2Fwww.w3.org%2F2000%2Fsvg&#039; viewBox%3D&#039;0 0 300 400&#039;%2F%3E\" class=\"show-on-hover back-image lazy-load preload-me\" alt=\"\" data-src=\"https:\/\/arkiv.conraddesign.dk\/wp-content\/uploads\/2017\/12\/Ketty-3-300x400.jpg\" data-srcset=\"https:\/\/arkiv.conraddesign.dk\/wp-content\/uploads\/2017\/12\/Ketty-3-300x400.jpg 300w, https:\/\/arkiv.conraddesign.dk\/wp-content\/uploads\/2017\/12\/Ketty-3-150x200.jpg 150w, https:\/\/arkiv.conraddesign.dk\/wp-content\/uploads\/2017\/12\/Ketty-3.jpg 483w\" \/><\/a>\n\t<\/div>\n\t<figcaption class=\"woocom-list-content\">\n\n\t\t<div class=\"woocommerce-product-details__short-description\">\n\t<p>Gr\u00f6\u00dfe: S &#8211; XXXL<\/p>\n<p>Mit dieser Strickanleitung d\u00fcrfen Sie Ihre Kreativit\u00e4t und Fantasie verwenden in Hinblick auf Mischung der Farben und Art von Strickmuster auf dem Vorderteil. Ketty gibt es in vier Varianten. F\u00fcr das originale Model bringen wir die Farbzusammenstellung. F\u00fcr die anderen drei Varianten darf man nach Wunsch die Farben aussuchen<\/p>\n<p>Strickset enth\u00e4lt Wolle und deutsche Strickanweisungen<\/p>\n<p>Wolle: Coast<\/p>\n<p>Design: Ketty Conrad<\/p>\n<\/div>\n\n\t<\/figcaption>\n<\/figure>\n\n<\/article>\n\n\n\n<article class=\"post visible tm-no-options description-off product type-product post-14716 status-publish instock product_cat-stricksaet product_cat-strickset-fuer-frauen has-post-thumbnail featured taxable shipping-taxable purchasable product-type-variable\">\n\n\t<figure class=\"woocom-project\">\n\t<div class=\"woo-buttons-on-img\">\n\n\t\t<a href=\"https:\/\/arkiv.conraddesign.dk\/de\/shop\/stricksaet\/strickset-fuer-frauen\/helena\/\" class=\"alignnone layzr-bg\"><img loading=\"lazy\" decoding=\"async\" width=\"300\" height=\"400\" src=\"data:image\/svg+xml;charset=utf-8,%3Csvg xmlns%3D&#039;http%3A%2F%2Fwww.w3.org%2F2000%2Fsvg&#039; viewBox%3D&#039;0 0 300 400&#039;%2F%3E\" class=\"attachment-woocommerce_thumbnail size-woocommerce_thumbnail lazy-load preload-me\" alt=\"\" data-src=\"https:\/\/arkiv.conraddesign.dk\/wp-content\/uploads\/2018\/02\/Helena-red.-farver-2-300x400.jpg\" data-srcset=\"https:\/\/arkiv.conraddesign.dk\/wp-content\/uploads\/2018\/02\/Helena-red.-farver-2-300x400.jpg 300w, https:\/\/arkiv.conraddesign.dk\/wp-content\/uploads\/2018\/02\/Helena-red.-farver-2-768x1024.jpg 768w, https:\/\/arkiv.conraddesign.dk\/wp-content\/uploads\/2018\/02\/Helena-red.-farver-2-150x200.jpg 150w, https:\/\/arkiv.conraddesign.dk\/wp-content\/uploads\/2018\/02\/Helena-red.-farver-2-1152x1536.jpg 1152w, https:\/\/arkiv.conraddesign.dk\/wp-content\/uploads\/2018\/02\/Helena-red.-farver-2-1536x2048.jpg 1536w, https:\/\/arkiv.conraddesign.dk\/wp-content\/uploads\/2018\/02\/Helena-red.-farver-2-600x800.jpg 600w, https:\/\/arkiv.conraddesign.dk\/wp-content\/uploads\/2018\/02\/Helena-red.-farver-2-scaled.jpg 1440w\" \/><img loading=\"lazy\" decoding=\"async\" width=\"300\" height=\"400\" src=\"data:image\/svg+xml;charset=utf-8,%3Csvg xmlns%3D&#039;http%3A%2F%2Fwww.w3.org%2F2000%2Fsvg&#039; viewBox%3D&#039;0 0 300 400&#039;%2F%3E\" class=\"show-on-hover back-image lazy-load preload-me\" alt=\"\" data-src=\"https:\/\/arkiv.conraddesign.dk\/wp-content\/uploads\/2018\/02\/Helena-gr\u00f8n-1-300x400.jpg\" data-srcset=\"https:\/\/arkiv.conraddesign.dk\/wp-content\/uploads\/2018\/02\/Helena-gr\u00f8n-1-300x400.jpg 300w, https:\/\/arkiv.conraddesign.dk\/wp-content\/uploads\/2018\/02\/Helena-gr\u00f8n-1-768x1024.jpg 768w, https:\/\/arkiv.conraddesign.dk\/wp-content\/uploads\/2018\/02\/Helena-gr\u00f8n-1-150x200.jpg 150w, https:\/\/arkiv.conraddesign.dk\/wp-content\/uploads\/2018\/02\/Helena-gr\u00f8n-1-1152x1536.jpg 1152w, https:\/\/arkiv.conraddesign.dk\/wp-content\/uploads\/2018\/02\/Helena-gr\u00f8n-1-1536x2048.jpg 1536w, https:\/\/arkiv.conraddesign.dk\/wp-content\/uploads\/2018\/02\/Helena-gr\u00f8n-1-600x800.jpg 600w, https:\/\/arkiv.conraddesign.dk\/wp-content\/uploads\/2018\/02\/Helena-gr\u00f8n-1.jpg 1440w\" \/><\/a>\n\t<\/div>\n\t<figcaption class=\"woocom-list-content\">\n\n\t\t<div class=\"woocommerce-product-details__short-description\">\n\t<p>Gr\u00f6\u00dfe: S &#8211; XXL<\/p>\n<p>Lange offene Strickjacke mit schicker karierten Kante und Taschen in der Seite.<\/p>\n<p>Wolle: Supersoft<\/p>\n<p>Strickset enth\u00e4lt Wolle und deutsche Strickanweisungen<\/p>\n<p>Design: Helena Conrad<\/p>\n<\/div>\n\n\t<\/figcaption>\n<\/figure>\n\n<\/article>\n\n\n\n<article class=\"post visible tm-has-options description-off product type-product post-14695 status-publish last instock product_cat-stricksaet product_cat-strickset-fuer-frauen has-post-thumbnail featured taxable shipping-taxable purchasable product-type-variable\">\n\n\t<figure class=\"woocom-project\">\n\t<div class=\"woo-buttons-on-img\">\n\n\t\t<a href=\"https:\/\/arkiv.conraddesign.dk\/de\/shop\/stricksaet\/strickset-fuer-frauen\/margit\/\" class=\"alignnone layzr-bg\"><img loading=\"lazy\" decoding=\"async\" width=\"300\" height=\"400\" src=\"data:image\/svg+xml;charset=utf-8,%3Csvg xmlns%3D&#039;http%3A%2F%2Fwww.w3.org%2F2000%2Fsvg&#039; viewBox%3D&#039;0 0 300 400&#039;%2F%3E\" class=\"attachment-woocommerce_thumbnail size-woocommerce_thumbnail lazy-load preload-me\" alt=\"\" data-src=\"https:\/\/arkiv.conraddesign.dk\/wp-content\/uploads\/2018\/02\/margit-original.jpg\" data-srcset=\"https:\/\/arkiv.conraddesign.dk\/wp-content\/uploads\/2018\/02\/margit-original.jpg 1378w, https:\/\/arkiv.conraddesign.dk\/wp-content\/uploads\/2018\/02\/margit-original-150x200.jpg 150w, https:\/\/arkiv.conraddesign.dk\/wp-content\/uploads\/2018\/02\/margit-original-300x400.jpg 300w, https:\/\/arkiv.conraddesign.dk\/wp-content\/uploads\/2018\/02\/margit-original-768x1025.jpg 768w, https:\/\/arkiv.conraddesign.dk\/wp-content\/uploads\/2018\/02\/margit-original-767x1024.jpg 767w, https:\/\/arkiv.conraddesign.dk\/wp-content\/uploads\/2018\/02\/margit-original-180x240.jpg 180w, https:\/\/arkiv.conraddesign.dk\/wp-content\/uploads\/2018\/02\/margit-original-600x800.jpg 600w\" \/><img loading=\"lazy\" decoding=\"async\" width=\"300\" height=\"400\" src=\"data:image\/svg+xml;charset=utf-8,%3Csvg xmlns%3D&#039;http%3A%2F%2Fwww.w3.org%2F2000%2Fsvg&#039; viewBox%3D&#039;0 0 300 400&#039;%2F%3E\" class=\"show-on-hover back-image lazy-load preload-me\" alt=\"\" data-src=\"https:\/\/arkiv.conraddesign.dk\/wp-content\/uploads\/2018\/02\/DSC02021-4.jpg\" data-srcset=\"https:\/\/arkiv.conraddesign.dk\/wp-content\/uploads\/2018\/02\/DSC02021-4.jpg 1338w, https:\/\/arkiv.conraddesign.dk\/wp-content\/uploads\/2018\/02\/DSC02021-4-150x200.jpg 150w, https:\/\/arkiv.conraddesign.dk\/wp-content\/uploads\/2018\/02\/DSC02021-4-300x400.jpg 300w, https:\/\/arkiv.conraddesign.dk\/wp-content\/uploads\/2018\/02\/DSC02021-4-768x1024.jpg 768w, https:\/\/arkiv.conraddesign.dk\/wp-content\/uploads\/2018\/02\/DSC02021-4-180x240.jpg 180w, https:\/\/arkiv.conraddesign.dk\/wp-content\/uploads\/2018\/02\/DSC02021-4-600x800.jpg 600w\" \/><\/a>\n\t<\/div>\n\t<figcaption class=\"woocom-list-content\">\n\n\t\t<div class=\"woocommerce-product-details__short-description\">\n\t<p>Gr\u00f6\u00dfe: S &#8211; XXL<\/p>\n<p>Domino Strickpullover mit kleinen bunten &#8222;Tops&#8220; und gestreiften \u00c4rmeln.<\/p>\n<ul>\n<li>Wolle:\n<ul>\n<li>Supersoft: Navy Heater mit klaren Effektfarben<\/li>\n<li>Coast: Denim mit klaren Effektfarben<\/li>\n<li>Coast: Lead mit pastell Effektfarben<\/li>\n<\/ul>\n<\/li>\n<\/ul>\n<p>Strickset enth\u00e4lt Wolle und deutsche Strikanweisungen<\/p>\n<p>Design: Ketty Conrad<\/p>\n<\/div>\n\n\t<\/figcaption>\n<\/figure>\n\n<\/article>\n\n<\/div><\/div>[\/vc_column][\/vc_row]<\/p>\n","protected":false},"excerpt":{"rendered":"<p>[vc_row][vc_column][vc_message message_box_color=&#8220;orange&#8220;] Unsere deutsche Website befindet sich im Aufbau. Wir haben bereits viele Produkte ins deutsche \u00fcbersetzt. Wir werden noch viel mehr in die Zukunft stecken. [\/vc_message][\/vc_column][\/vc_row][vc_row][vc_column width=&#8220;1\/3&#8243;][\/vc_column][vc_column width=&#8220;1\/3&#8243;][\/vc_column][vc_column width=&#8220;1\/3&#8243;][\/vc_column][\/vc_row][vc_row type=&#8220;vc_default&#8220; margin_top=&#8220;32&#8243; bg_type=&#8220;bg_color&#8220; bg_override=&#8220;ex-full&#8220; bg_color_value=&#8220;#ffffff&#8220; css=&#8220;.vc_custom_1492699441008{margin-top: 32px !important;margin-bottom: 32px !important;}&#8220;][vc_column width=&#8220;1\/3&#8243;][bsf-info-box icon=&#8220;icomoon-brankic-32&#215;32-shipping&#8220; icon_size=&#8220;100&#8243; icon_color=&#8220;#e1be19&#8243; icon_animation=&#8220;fadeInUp&#8220; title=&#8220;Einfacher Versand&#8220; pos=&#8220;top&#8220; title_font_style=&#8220;font-weight:bold;&#8220; title_font_color=&#8220;#e1be19&#8243; desc_font_color=&#8220;#ffffff&#8220; title_font_size=&#8220;desktop:30px;&#8220; title_font_line_height=&#8220;desktop:35px;&#8220;][\/bsf-info-box][\/vc_column][vc_column width=&#8220;1\/3&#8243;][bsf-info-box icon=&#8220;Defaults-thumbs-up&#8220;&hellip;<\/p>\n","protected":false},"author":1,"featured_media":0,"parent":0,"menu_order":0,"comment_status":"closed","ping_status":"closed","template":"","meta":{"footnotes":""},"class_list":["post-14835","page","type-page","status-publish","hentry","description-off"],"aioseo_notices":[],"yoast_head":"<!-- This site is optimized with the Yoast SEO plugin v25.7 - https:\/\/yoast.com\/wordpress\/plugins\/seo\/ -->\n<title>Startseite - Conraddesign<\/title>\n<meta name=\"robots\" content=\"noindex, follow, max-snippet:-1, max-image-preview:large, max-video-preview:-1\" \/>\n<meta property=\"og:locale\" content=\"de_DE\" \/>\n<meta property=\"og:type\" content=\"article\" \/>\n<meta property=\"og:title\" content=\"Startseite - Conraddesign\" \/>\n<meta property=\"og:description\" content=\"[vc_row][vc_column][vc_message message_box_color=&#8220;orange&#8220;] Unsere deutsche Website befindet sich im Aufbau. Wir haben bereits viele Produkte ins deutsche \u00fcbersetzt. Wir werden noch viel mehr in die Zukunft stecken. [\/vc_message][\/vc_column][\/vc_row][vc_row][vc_column width=&#8220;1\/3&#8243;][\/vc_column][vc_column width=&#8220;1\/3&#8243;][\/vc_column][vc_column width=&#8220;1\/3&#8243;][\/vc_column][\/vc_row][vc_row type=&#8220;vc_default&#8220; margin_top=&#8220;32&#8243; bg_type=&#8220;bg_color&#8220; bg_override=&#8220;ex-full&#8220; bg_color_value=&#8220;#ffffff&#8220; css=&#8220;.vc_custom_1492699441008{margin-top: 32px !important;margin-bottom: 32px !important;}&#8220;][vc_column width=&#8220;1\/3&#8243;][bsf-info-box icon=&#8220;icomoon-brankic-32&#215;32-shipping&#8220; icon_size=&#8220;100&#8243; icon_color=&#8220;#e1be19&#8243; icon_animation=&#8220;fadeInUp&#8220; title=&#8220;Einfacher Versand&#8220; pos=&#8220;top&#8220; title_font_style=&#8220;font-weight:bold;&#8220; title_font_color=&#8220;#e1be19&#8243; desc_font_color=&#8220;#ffffff&#8220; title_font_size=&#8220;desktop:30px;&#8220; title_font_line_height=&#8220;desktop:35px;&#8220;][\/bsf-info-box][\/vc_column][vc_column width=&#8220;1\/3&#8243;][bsf-info-box icon=&#8220;Defaults-thumbs-up&#8220;&hellip;\" \/>\n<meta property=\"og:url\" content=\"https:\/\/arkiv.conraddesign.dk\/de\/\" \/>\n<meta property=\"og:site_name\" content=\"Conraddesign\" \/>\n<meta property=\"article:modified_time\" content=\"2021-01-30T12:40:06+00:00\" \/>\n<meta name=\"twitter:card\" content=\"summary_large_image\" \/>\n<meta name=\"twitter:label1\" content=\"Gesch\u00e4tzte Lesezeit\" \/>\n\t<meta name=\"twitter:data1\" content=\"1\u00a0Minute\" \/>\n<script type=\"application\/ld+json\" class=\"yoast-schema-graph\">{\"@context\":\"https:\/\/schema.org\",\"@graph\":[{\"@type\":\"WebPage\",\"@id\":\"https:\/\/arkiv.conraddesign.dk\/de\/\",\"url\":\"https:\/\/arkiv.conraddesign.dk\/de\/\",\"name\":\"Startseite - Conraddesign\",\"isPartOf\":{\"@id\":\"https:\/\/arkiv.conraddesign.dk\/#website\"},\"datePublished\":\"2021-01-29T13:08:59+00:00\",\"dateModified\":\"2021-01-30T12:40:06+00:00\",\"breadcrumb\":{\"@id\":\"https:\/\/arkiv.conraddesign.dk\/de\/#breadcrumb\"},\"inLanguage\":\"de\",\"potentialAction\":[{\"@type\":\"ReadAction\",\"target\":[\"https:\/\/arkiv.conraddesign.dk\/de\/\"]}]},{\"@type\":\"BreadcrumbList\",\"@id\":\"https:\/\/arkiv.conraddesign.dk\/de\/#breadcrumb\",\"itemListElement\":[{\"@type\":\"ListItem\",\"position\":1,\"name\":\"Hjem\",\"item\":\"https:\/\/arkiv.conraddesign.dk\/de\/\"},{\"@type\":\"ListItem\",\"position\":2,\"name\":\"Startseite\"}]},{\"@type\":\"WebSite\",\"@id\":\"https:\/\/arkiv.conraddesign.dk\/#website\",\"url\":\"https:\/\/arkiv.conraddesign.dk\/\",\"name\":\"Conraddesign\",\"description\":\"\",\"potentialAction\":[{\"@type\":\"SearchAction\",\"target\":{\"@type\":\"EntryPoint\",\"urlTemplate\":\"https:\/\/arkiv.conraddesign.dk\/?s={search_term_string}\"},\"query-input\":{\"@type\":\"PropertyValueSpecification\",\"valueRequired\":true,\"valueName\":\"search_term_string\"}}],\"inLanguage\":\"de\"}]}<\/script>\n<!-- \/ Yoast SEO plugin. -->","yoast_head_json":{"title":"Startseite - Conraddesign","robots":{"index":"noindex","follow":"follow","max-snippet":"max-snippet:-1","max-image-preview":"max-image-preview:large","max-video-preview":"max-video-preview:-1"},"og_locale":"de_DE","og_type":"article","og_title":"Startseite - Conraddesign","og_description":"[vc_row][vc_column][vc_message message_box_color=&#8220;orange&#8220;] Unsere deutsche Website befindet sich im Aufbau. Wir haben bereits viele Produkte ins deutsche \u00fcbersetzt. Wir werden noch viel mehr in die Zukunft stecken. [\/vc_message][\/vc_column][\/vc_row][vc_row][vc_column width=&#8220;1\/3&#8243;][\/vc_column][vc_column width=&#8220;1\/3&#8243;][\/vc_column][vc_column width=&#8220;1\/3&#8243;][\/vc_column][\/vc_row][vc_row type=&#8220;vc_default&#8220; margin_top=&#8220;32&#8243; bg_type=&#8220;bg_color&#8220; bg_override=&#8220;ex-full&#8220; bg_color_value=&#8220;#ffffff&#8220; css=&#8220;.vc_custom_1492699441008{margin-top: 32px !important;margin-bottom: 32px !important;}&#8220;][vc_column width=&#8220;1\/3&#8243;][bsf-info-box icon=&#8220;icomoon-brankic-32&#215;32-shipping&#8220; icon_size=&#8220;100&#8243; icon_color=&#8220;#e1be19&#8243; icon_animation=&#8220;fadeInUp&#8220; title=&#8220;Einfacher Versand&#8220; pos=&#8220;top&#8220; title_font_style=&#8220;font-weight:bold;&#8220; title_font_color=&#8220;#e1be19&#8243; desc_font_color=&#8220;#ffffff&#8220; title_font_size=&#8220;desktop:30px;&#8220; title_font_line_height=&#8220;desktop:35px;&#8220;][\/bsf-info-box][\/vc_column][vc_column width=&#8220;1\/3&#8243;][bsf-info-box icon=&#8220;Defaults-thumbs-up&#8220;&hellip;","og_url":"https:\/\/arkiv.conraddesign.dk\/de\/","og_site_name":"Conraddesign","article_modified_time":"2021-01-30T12:40:06+00:00","twitter_card":"summary_large_image","twitter_misc":{"Gesch\u00e4tzte Lesezeit":"1\u00a0Minute"},"schema":{"@context":"https:\/\/schema.org","@graph":[{"@type":"WebPage","@id":"https:\/\/arkiv.conraddesign.dk\/de\/","url":"https:\/\/arkiv.conraddesign.dk\/de\/","name":"Startseite - Conraddesign","isPartOf":{"@id":"https:\/\/arkiv.conraddesign.dk\/#website"},"datePublished":"2021-01-29T13:08:59+00:00","dateModified":"2021-01-30T12:40:06+00:00","breadcrumb":{"@id":"https:\/\/arkiv.conraddesign.dk\/de\/#breadcrumb"},"inLanguage":"de","potentialAction":[{"@type":"ReadAction","target":["https:\/\/arkiv.conraddesign.dk\/de\/"]}]},{"@type":"BreadcrumbList","@id":"https:\/\/arkiv.conraddesign.dk\/de\/#breadcrumb","itemListElement":[{"@type":"ListItem","position":1,"name":"Hjem","item":"https:\/\/arkiv.conraddesign.dk\/de\/"},{"@type":"ListItem","position":2,"name":"Startseite"}]},{"@type":"WebSite","@id":"https:\/\/arkiv.conraddesign.dk\/#website","url":"https:\/\/arkiv.conraddesign.dk\/","name":"Conraddesign","description":"","potentialAction":[{"@type":"SearchAction","target":{"@type":"EntryPoint","urlTemplate":"https:\/\/arkiv.conraddesign.dk\/?s={search_term_string}"},"query-input":{"@type":"PropertyValueSpecification","valueRequired":true,"valueName":"search_term_string"}}],"inLanguage":"de"}]}},"_links":{"self":[{"href":"https:\/\/arkiv.conraddesign.dk\/de\/wp-json\/wp\/v2\/pages\/14835","targetHints":{"allow":["GET"]}}],"collection":[{"href":"https:\/\/arkiv.conraddesign.dk\/de\/wp-json\/wp\/v2\/pages"}],"about":[{"href":"https:\/\/arkiv.conraddesign.dk\/de\/wp-json\/wp\/v2\/types\/page"}],"author":[{"embeddable":true,"href":"https:\/\/arkiv.conraddesign.dk\/de\/wp-json\/wp\/v2\/users\/1"}],"replies":[{"embeddable":true,"href":"https:\/\/arkiv.conraddesign.dk\/de\/wp-json\/wp\/v2\/comments?post=14835"}],"version-history":[{"count":12,"href":"https:\/\/arkiv.conraddesign.dk\/de\/wp-json\/wp\/v2\/pages\/14835\/revisions"}],"predecessor-version":[{"id":14863,"href":"https:\/\/arkiv.conraddesign.dk\/de\/wp-json\/wp\/v2\/pages\/14835\/revisions\/14863"}],"wp:attachment":[{"href":"https:\/\/arkiv.conraddesign.dk\/de\/wp-json\/wp\/v2\/media?parent=14835"}],"curies":[{"name":"wp","href":"https:\/\/api.w.org\/{rel}","templated":true}]}}