{"id":15019,"date":"2019-06-04T19:12:20","date_gmt":"2021-02-05T16:33:21","guid":{"rendered":"https:\/\/arkiv.conraddesign.dk\/shop\/unkategorisiert\/smilla\/"},"modified":"2024-08-05T00:00:17","modified_gmt":"2024-08-04T22:00:17","slug":"smilla-2","status":"publish","type":"product","link":"https:\/\/arkiv.conraddesign.dk\/de\/shop\/stricksaet\/strickset-fuer-frauen\/smilla-2\/","title":{"rendered":"Smilla"},"content":{"rendered":"<p>Gr\u00f6\u00dfe: S &#8211; (M) &#8211; L- (XL) &#8211; XXL<\/p>\n<ul>\n<li>Br\u00fcstweide ungef\u00e4hr: Ca. 90 &#8211; (101) &#8211; 112 &#8211; (123) &#8211; 134 Cm<\/li>\n<li>GanczeL\u00e4nge ungef\u00e4hr: 70 &#8211; (70) &#8211; 70 &#8211; (72)- 72 cm<\/li>\n<\/ul>\n<p>Material: Coast, 55% Merino Lammwolle \u2013 45% Baumwolle.<\/p>\n<p>Gestrickt auf N 3<\/p>\n<p>7 verschiedene Farben im Hemd<\/p>\n<p>Design: Helena Conrad<\/p>\n","protected":false},"excerpt":{"rendered":"<p>Gr\u00f6\u00dfe: S &#8211; XXL<\/p>\n<p>Eine wundersch\u00f6ne aparte Hemd<\/p>\n<p>Gestrickt von \u00c4rmel zu \u00c4rmel<\/p>\n<p>Strickset enth\u00e4lt Wolle und Strickanleitung<\/p>\n<div>Design: Helena Conrad<\/div>\n<div><\/div>\n<div><span style=\"color: #ff0000;\">Das Strickset hat Garn f\u00fcr alle Gr\u00f6\u00dfen<\/span><\/div>\n","protected":false},"featured_media":15020,"comment_status":"closed","ping_status":"closed","template":"","meta":[],"product_cat":[412,430],"product_tag":[],"class_list":{"0":"post-15019","1":"product","2":"type-product","3":"status-publish","4":"has-post-thumbnail","6":"product_cat-stricksaet","7":"product_cat-strickset-fuer-frauen","8":"tm-no-options","9":"description-off","11":"first","12":"instock","13":"taxable","14":"shipping-taxable","15":"purchasable","16":"product-type-simple"},"aioseo_notices":[],"yoast_head":"<!-- This site is optimized with the Yoast SEO plugin v25.7 - https:\/\/yoast.com\/wordpress\/plugins\/seo\/ -->\n<title>Smilla - Conraddesign<\/title>\n<meta name=\"robots\" content=\"noindex, follow, max-snippet:-1, max-image-preview:large, max-video-preview:-1\" \/>\n<meta property=\"og:locale\" content=\"de_DE\" \/>\n<meta property=\"og:type\" content=\"article\" \/>\n<meta property=\"og:title\" content=\"Smilla - Conraddesign\" \/>\n<meta property=\"og:description\" content=\"Gr\u00f6\u00dfe: S - XXL Eine wundersch\u00f6ne aparte Hemd Gestrickt von \u00c4rmel zu \u00c4rmel Strickset enth\u00e4lt Wolle und Strickanleitung Design: Helena Conrad Das Strickset hat Garn f\u00fcr alle Gr\u00f6\u00dfen\" \/>\n<meta property=\"og:url\" content=\"https:\/\/arkiv.conraddesign.dk\/de\/shop\/stricksaet\/strickset-fuer-frauen\/smilla-2\/\" \/>\n<meta property=\"og:site_name\" content=\"Conraddesign\" \/>\n<meta property=\"article:modified_time\" content=\"2024-08-04T22:00:17+00:00\" \/>\n<meta property=\"og:image\" content=\"https:\/\/arkiv.conraddesign.dk\/wp-content\/uploads\/2019\/06\/smilla10-e1559675224627.jpg\" \/>\n\t<meta property=\"og:image:width\" content=\"1000\" \/>\n\t<meta property=\"og:image:height\" content=\"1334\" \/>\n\t<meta property=\"og:image:type\" content=\"image\/jpeg\" \/>\n<meta name=\"twitter:card\" content=\"summary_large_image\" \/>\n<script type=\"application\/ld+json\" class=\"yoast-schema-graph\">{\"@context\":\"https:\/\/schema.org\",\"@graph\":[{\"@type\":\"WebPage\",\"@id\":\"https:\/\/arkiv.conraddesign.dk\/de\/shop\/stricksaet\/strickset-fuer-frauen\/smilla-2\/\",\"url\":\"https:\/\/arkiv.conraddesign.dk\/de\/shop\/stricksaet\/strickset-fuer-frauen\/smilla-2\/\",\"name\":\"Smilla - Conraddesign\",\"isPartOf\":{\"@id\":\"https:\/\/arkiv.conraddesign.dk\/#website\"},\"primaryImageOfPage\":{\"@id\":\"https:\/\/arkiv.conraddesign.dk\/de\/shop\/stricksaet\/strickset-fuer-frauen\/smilla-2\/#primaryimage\"},\"image\":{\"@id\":\"https:\/\/arkiv.conraddesign.dk\/de\/shop\/stricksaet\/strickset-fuer-frauen\/smilla-2\/#primaryimage\"},\"thumbnailUrl\":\"https:\/\/arkiv.conraddesign.dk\/wp-content\/uploads\/2019\/06\/smilla10-e1559675224627.jpg\",\"datePublished\":\"2021-02-05T16:33:21+00:00\",\"dateModified\":\"2024-08-04T22:00:17+00:00\",\"breadcrumb\":{\"@id\":\"https:\/\/arkiv.conraddesign.dk\/de\/shop\/stricksaet\/strickset-fuer-frauen\/smilla-2\/#breadcrumb\"},\"inLanguage\":\"de\",\"potentialAction\":[{\"@type\":\"ReadAction\",\"target\":[\"https:\/\/arkiv.conraddesign.dk\/de\/shop\/stricksaet\/strickset-fuer-frauen\/smilla-2\/\"]}]},{\"@type\":\"ImageObject\",\"inLanguage\":\"de\",\"@id\":\"https:\/\/arkiv.conraddesign.dk\/de\/shop\/stricksaet\/strickset-fuer-frauen\/smilla-2\/#primaryimage\",\"url\":\"https:\/\/arkiv.conraddesign.dk\/wp-content\/uploads\/2019\/06\/smilla10-e1559675224627.jpg\",\"contentUrl\":\"https:\/\/arkiv.conraddesign.dk\/wp-content\/uploads\/2019\/06\/smilla10-e1559675224627.jpg\",\"width\":1000,\"height\":1334},{\"@type\":\"BreadcrumbList\",\"@id\":\"https:\/\/arkiv.conraddesign.dk\/de\/shop\/stricksaet\/strickset-fuer-frauen\/smilla-2\/#breadcrumb\",\"itemListElement\":[{\"@type\":\"ListItem\",\"position\":1,\"name\":\"Hjem\",\"item\":\"https:\/\/arkiv.conraddesign.dk\/de\/\"},{\"@type\":\"ListItem\",\"position\":2,\"name\":\"Shop\",\"item\":\"https:\/\/arkiv.conraddesign.dk\/de\/shop\/\"},{\"@type\":\"ListItem\",\"position\":3,\"name\":\"Smilla\"}]},{\"@type\":\"WebSite\",\"@id\":\"https:\/\/arkiv.conraddesign.dk\/#website\",\"url\":\"https:\/\/arkiv.conraddesign.dk\/\",\"name\":\"Conraddesign\",\"description\":\"\",\"potentialAction\":[{\"@type\":\"SearchAction\",\"target\":{\"@type\":\"EntryPoint\",\"urlTemplate\":\"https:\/\/arkiv.conraddesign.dk\/?s={search_term_string}\"},\"query-input\":{\"@type\":\"PropertyValueSpecification\",\"valueRequired\":true,\"valueName\":\"search_term_string\"}}],\"inLanguage\":\"de\"}]}<\/script>\n<!-- \/ Yoast SEO plugin. -->","yoast_head_json":{"title":"Smilla - Conraddesign","robots":{"index":"noindex","follow":"follow","max-snippet":"max-snippet:-1","max-image-preview":"max-image-preview:large","max-video-preview":"max-video-preview:-1"},"og_locale":"de_DE","og_type":"article","og_title":"Smilla - Conraddesign","og_description":"Gr\u00f6\u00dfe: S - XXL Eine wundersch\u00f6ne aparte Hemd Gestrickt von \u00c4rmel zu \u00c4rmel Strickset enth\u00e4lt Wolle und Strickanleitung Design: Helena Conrad Das Strickset hat Garn f\u00fcr alle Gr\u00f6\u00dfen","og_url":"https:\/\/arkiv.conraddesign.dk\/de\/shop\/stricksaet\/strickset-fuer-frauen\/smilla-2\/","og_site_name":"Conraddesign","article_modified_time":"2024-08-04T22:00:17+00:00","og_image":[{"width":1000,"height":1334,"url":"https:\/\/arkiv.conraddesign.dk\/wp-content\/uploads\/2019\/06\/smilla10-e1559675224627.jpg","type":"image\/jpeg"}],"twitter_card":"summary_large_image","schema":{"@context":"https:\/\/schema.org","@graph":[{"@type":"WebPage","@id":"https:\/\/arkiv.conraddesign.dk\/de\/shop\/stricksaet\/strickset-fuer-frauen\/smilla-2\/","url":"https:\/\/arkiv.conraddesign.dk\/de\/shop\/stricksaet\/strickset-fuer-frauen\/smilla-2\/","name":"Smilla - Conraddesign","isPartOf":{"@id":"https:\/\/arkiv.conraddesign.dk\/#website"},"primaryImageOfPage":{"@id":"https:\/\/arkiv.conraddesign.dk\/de\/shop\/stricksaet\/strickset-fuer-frauen\/smilla-2\/#primaryimage"},"image":{"@id":"https:\/\/arkiv.conraddesign.dk\/de\/shop\/stricksaet\/strickset-fuer-frauen\/smilla-2\/#primaryimage"},"thumbnailUrl":"https:\/\/arkiv.conraddesign.dk\/wp-content\/uploads\/2019\/06\/smilla10-e1559675224627.jpg","datePublished":"2021-02-05T16:33:21+00:00","dateModified":"2024-08-04T22:00:17+00:00","breadcrumb":{"@id":"https:\/\/arkiv.conraddesign.dk\/de\/shop\/stricksaet\/strickset-fuer-frauen\/smilla-2\/#breadcrumb"},"inLanguage":"de","potentialAction":[{"@type":"ReadAction","target":["https:\/\/arkiv.conraddesign.dk\/de\/shop\/stricksaet\/strickset-fuer-frauen\/smilla-2\/"]}]},{"@type":"ImageObject","inLanguage":"de","@id":"https:\/\/arkiv.conraddesign.dk\/de\/shop\/stricksaet\/strickset-fuer-frauen\/smilla-2\/#primaryimage","url":"https:\/\/arkiv.conraddesign.dk\/wp-content\/uploads\/2019\/06\/smilla10-e1559675224627.jpg","contentUrl":"https:\/\/arkiv.conraddesign.dk\/wp-content\/uploads\/2019\/06\/smilla10-e1559675224627.jpg","width":1000,"height":1334},{"@type":"BreadcrumbList","@id":"https:\/\/arkiv.conraddesign.dk\/de\/shop\/stricksaet\/strickset-fuer-frauen\/smilla-2\/#breadcrumb","itemListElement":[{"@type":"ListItem","position":1,"name":"Hjem","item":"https:\/\/arkiv.conraddesign.dk\/de\/"},{"@type":"ListItem","position":2,"name":"Shop","item":"https:\/\/arkiv.conraddesign.dk\/de\/shop\/"},{"@type":"ListItem","position":3,"name":"Smilla"}]},{"@type":"WebSite","@id":"https:\/\/arkiv.conraddesign.dk\/#website","url":"https:\/\/arkiv.conraddesign.dk\/","name":"Conraddesign","description":"","potentialAction":[{"@type":"SearchAction","target":{"@type":"EntryPoint","urlTemplate":"https:\/\/arkiv.conraddesign.dk\/?s={search_term_string}"},"query-input":{"@type":"PropertyValueSpecification","valueRequired":true,"valueName":"search_term_string"}}],"inLanguage":"de"}]}},"_links":{"self":[{"href":"https:\/\/arkiv.conraddesign.dk\/de\/wp-json\/wp\/v2\/product\/15019","targetHints":{"allow":["GET"]}}],"collection":[{"href":"https:\/\/arkiv.conraddesign.dk\/de\/wp-json\/wp\/v2\/product"}],"about":[{"href":"https:\/\/arkiv.conraddesign.dk\/de\/wp-json\/wp\/v2\/types\/product"}],"replies":[{"embeddable":true,"href":"https:\/\/arkiv.conraddesign.dk\/de\/wp-json\/wp\/v2\/comments?post=15019"}],"wp:featuredmedia":[{"embeddable":true,"href":"https:\/\/arkiv.conraddesign.dk\/de\/wp-json\/wp\/v2\/media\/15020"}],"wp:attachment":[{"href":"https:\/\/arkiv.conraddesign.dk\/de\/wp-json\/wp\/v2\/media?parent=15019"}],"wp:term":[{"taxonomy":"product_cat","embeddable":true,"href":"https:\/\/arkiv.conraddesign.dk\/de\/wp-json\/wp\/v2\/product_cat?post=15019"},{"taxonomy":"product_tag","embeddable":true,"href":"https:\/\/arkiv.conraddesign.dk\/de\/wp-json\/wp\/v2\/product_tag?post=15019"}],"curies":[{"name":"wp","href":"https:\/\/api.w.org\/{rel}","templated":true}]}}