{"id":15034,"date":"2018-02-18T09:23:20","date_gmt":"2021-02-07T11:00:47","guid":{"rendered":"https:\/\/arkiv.conraddesign.dk\/shop\/unkategorisiert\/elisabeth\/"},"modified":"2023-11-14T23:01:19","modified_gmt":"2023-11-14T22:01:19","slug":"elisabeth-2","status":"publish","type":"product","link":"https:\/\/arkiv.conraddesign.dk\/de\/shop\/stricksaet\/strickset-fuer-frauen\/elisabeth-2\/","title":{"rendered":"Elisabeth"},"content":{"rendered":"<p>Gr\u00f6\u00dfe: XS &#8211; (S) &#8211; M &#8211; (L) &#8211; XL &#8211; (XXL) &#8211; XXXL<\/p>\n<ul>\n<li>Gesamtl\u00e4nge vorne 69.5 &#8211; (70) &#8211; 70 &#8211; (71) &#8211; 72 &#8211; (72) &#8211; 73 Cm<\/li>\n<li>L\u00e4nge am R\u00fcckenteil: 79 &#8211; (79) &#8211; 80 &#8211; (80) &#8211; 80 &#8211; (80) &#8211; 80 Cm<\/li>\n<li>Brustweite von der Strickarbeit unter dem Arm gemessen: 95 &#8211; (102) &#8211; 108 &#8211; (115) -122 &#8211; (129) &#8211; 136 cm<\/li>\n<li>\u00c4rmell\u00e4nge: 49 &#8211; (50) &#8211; 50 &#8211; (51) &#8211; 51 &#8211; (52) &#8211; 52 Cm.<\/li>\n<\/ul>\n<p>Material: Supersoft 100% reine Wolle<\/p>\n<p>oder Coast 55 % Merino Lammwolle \/ 45 % Baumwolle<\/p>\n<p>9 verschiedene Farben im Pullower<\/p>\n<p>Design: Ketty Conrad<\/p>\n","protected":false},"excerpt":{"rendered":"<p>Gr\u00f6\u00dfe: XS &#8211; XXXL<\/p>\n<p>Gestreifter Pullover mit geh\u00e4kelter Kante. Sch\u00f6n bunt und pastellfarbig<\/p>\n<p>Strickset enth\u00e4lt Wolle und deutsche Strikanweisungen<\/p>\n<p>Design: Ketty Conrad<\/p>\n","protected":false},"featured_media":15035,"comment_status":"closed","ping_status":"closed","template":"","meta":[],"product_cat":[412,430],"product_tag":[],"class_list":{"0":"post-15034","1":"product","2":"type-product","3":"status-publish","4":"has-post-thumbnail","6":"product_cat-stricksaet","7":"product_cat-strickset-fuer-frauen","8":"pa_stoerrelse-x-s-l-de","9":"pa_stoerrelse-xl-xxxl-de","10":"tm-no-options","11":"description-off","13":"first","14":"instock","15":"taxable","16":"shipping-taxable","17":"purchasable","18":"product-type-variable"},"aioseo_notices":[],"yoast_head":"<!-- This site is optimized with the Yoast SEO plugin v25.7 - https:\/\/yoast.com\/wordpress\/plugins\/seo\/ -->\n<title>Elisabeth - Conraddesign<\/title>\n<meta name=\"robots\" content=\"noindex, follow, max-snippet:-1, max-image-preview:large, max-video-preview:-1\" \/>\n<meta property=\"og:locale\" content=\"de_DE\" \/>\n<meta property=\"og:type\" content=\"article\" \/>\n<meta property=\"og:title\" content=\"Elisabeth - Conraddesign\" \/>\n<meta property=\"og:description\" content=\"Gr\u00f6\u00dfe: XS - XXXL  Gestreifter Pullover mit geh\u00e4kelter Kante. Sch\u00f6n bunt und pastellfarbig  Strickset enth\u00e4lt Wolle und deutsche Strikanweisungen  Design: Ketty Conrad\" \/>\n<meta property=\"og:url\" content=\"https:\/\/arkiv.conraddesign.dk\/de\/shop\/stricksaet\/strickset-fuer-frauen\/elisabeth-2\/\" \/>\n<meta property=\"og:site_name\" content=\"Conraddesign\" \/>\n<meta property=\"article:modified_time\" content=\"2023-11-14T22:01:19+00:00\" \/>\n<meta property=\"og:image\" content=\"https:\/\/arkiv.conraddesign.dk\/wp-content\/uploads\/2018\/02\/Elisabeth-pastel-ss.jpg\" \/>\n\t<meta property=\"og:image:width\" content=\"992\" \/>\n\t<meta property=\"og:image:height\" content=\"1322\" \/>\n\t<meta property=\"og:image:type\" content=\"image\/jpeg\" \/>\n<meta name=\"twitter:card\" content=\"summary_large_image\" \/>\n<script type=\"application\/ld+json\" class=\"yoast-schema-graph\">{\"@context\":\"https:\/\/schema.org\",\"@graph\":[{\"@type\":\"WebPage\",\"@id\":\"https:\/\/arkiv.conraddesign.dk\/de\/shop\/stricksaet\/strickset-fuer-frauen\/elisabeth-2\/\",\"url\":\"https:\/\/arkiv.conraddesign.dk\/de\/shop\/stricksaet\/strickset-fuer-frauen\/elisabeth-2\/\",\"name\":\"Elisabeth - Conraddesign\",\"isPartOf\":{\"@id\":\"https:\/\/arkiv.conraddesign.dk\/#website\"},\"primaryImageOfPage\":{\"@id\":\"https:\/\/arkiv.conraddesign.dk\/de\/shop\/stricksaet\/strickset-fuer-frauen\/elisabeth-2\/#primaryimage\"},\"image\":{\"@id\":\"https:\/\/arkiv.conraddesign.dk\/de\/shop\/stricksaet\/strickset-fuer-frauen\/elisabeth-2\/#primaryimage\"},\"thumbnailUrl\":\"https:\/\/arkiv.conraddesign.dk\/wp-content\/uploads\/2018\/02\/Elisabeth-pastel-ss.jpg\",\"datePublished\":\"2021-02-07T11:00:47+00:00\",\"dateModified\":\"2023-11-14T22:01:19+00:00\",\"breadcrumb\":{\"@id\":\"https:\/\/arkiv.conraddesign.dk\/de\/shop\/stricksaet\/strickset-fuer-frauen\/elisabeth-2\/#breadcrumb\"},\"inLanguage\":\"de\",\"potentialAction\":[{\"@type\":\"ReadAction\",\"target\":[\"https:\/\/arkiv.conraddesign.dk\/de\/shop\/stricksaet\/strickset-fuer-frauen\/elisabeth-2\/\"]}]},{\"@type\":\"ImageObject\",\"inLanguage\":\"de\",\"@id\":\"https:\/\/arkiv.conraddesign.dk\/de\/shop\/stricksaet\/strickset-fuer-frauen\/elisabeth-2\/#primaryimage\",\"url\":\"https:\/\/arkiv.conraddesign.dk\/wp-content\/uploads\/2018\/02\/Elisabeth-pastel-ss.jpg\",\"contentUrl\":\"https:\/\/arkiv.conraddesign.dk\/wp-content\/uploads\/2018\/02\/Elisabeth-pastel-ss.jpg\",\"width\":992,\"height\":1322},{\"@type\":\"BreadcrumbList\",\"@id\":\"https:\/\/arkiv.conraddesign.dk\/de\/shop\/stricksaet\/strickset-fuer-frauen\/elisabeth-2\/#breadcrumb\",\"itemListElement\":[{\"@type\":\"ListItem\",\"position\":1,\"name\":\"Hjem\",\"item\":\"https:\/\/arkiv.conraddesign.dk\/de\/\"},{\"@type\":\"ListItem\",\"position\":2,\"name\":\"Shop\",\"item\":\"https:\/\/arkiv.conraddesign.dk\/de\/shop\/\"},{\"@type\":\"ListItem\",\"position\":3,\"name\":\"Elisabeth\"}]},{\"@type\":\"WebSite\",\"@id\":\"https:\/\/arkiv.conraddesign.dk\/#website\",\"url\":\"https:\/\/arkiv.conraddesign.dk\/\",\"name\":\"Conraddesign\",\"description\":\"\",\"potentialAction\":[{\"@type\":\"SearchAction\",\"target\":{\"@type\":\"EntryPoint\",\"urlTemplate\":\"https:\/\/arkiv.conraddesign.dk\/?s={search_term_string}\"},\"query-input\":{\"@type\":\"PropertyValueSpecification\",\"valueRequired\":true,\"valueName\":\"search_term_string\"}}],\"inLanguage\":\"de\"}]}<\/script>\n<!-- \/ Yoast SEO plugin. -->","yoast_head_json":{"title":"Elisabeth - Conraddesign","robots":{"index":"noindex","follow":"follow","max-snippet":"max-snippet:-1","max-image-preview":"max-image-preview:large","max-video-preview":"max-video-preview:-1"},"og_locale":"de_DE","og_type":"article","og_title":"Elisabeth - Conraddesign","og_description":"Gr\u00f6\u00dfe: XS - XXXL  Gestreifter Pullover mit geh\u00e4kelter Kante. Sch\u00f6n bunt und pastellfarbig  Strickset enth\u00e4lt Wolle und deutsche Strikanweisungen  Design: Ketty Conrad","og_url":"https:\/\/arkiv.conraddesign.dk\/de\/shop\/stricksaet\/strickset-fuer-frauen\/elisabeth-2\/","og_site_name":"Conraddesign","article_modified_time":"2023-11-14T22:01:19+00:00","og_image":[{"width":992,"height":1322,"url":"https:\/\/arkiv.conraddesign.dk\/wp-content\/uploads\/2018\/02\/Elisabeth-pastel-ss.jpg","type":"image\/jpeg"}],"twitter_card":"summary_large_image","schema":{"@context":"https:\/\/schema.org","@graph":[{"@type":"WebPage","@id":"https:\/\/arkiv.conraddesign.dk\/de\/shop\/stricksaet\/strickset-fuer-frauen\/elisabeth-2\/","url":"https:\/\/arkiv.conraddesign.dk\/de\/shop\/stricksaet\/strickset-fuer-frauen\/elisabeth-2\/","name":"Elisabeth - Conraddesign","isPartOf":{"@id":"https:\/\/arkiv.conraddesign.dk\/#website"},"primaryImageOfPage":{"@id":"https:\/\/arkiv.conraddesign.dk\/de\/shop\/stricksaet\/strickset-fuer-frauen\/elisabeth-2\/#primaryimage"},"image":{"@id":"https:\/\/arkiv.conraddesign.dk\/de\/shop\/stricksaet\/strickset-fuer-frauen\/elisabeth-2\/#primaryimage"},"thumbnailUrl":"https:\/\/arkiv.conraddesign.dk\/wp-content\/uploads\/2018\/02\/Elisabeth-pastel-ss.jpg","datePublished":"2021-02-07T11:00:47+00:00","dateModified":"2023-11-14T22:01:19+00:00","breadcrumb":{"@id":"https:\/\/arkiv.conraddesign.dk\/de\/shop\/stricksaet\/strickset-fuer-frauen\/elisabeth-2\/#breadcrumb"},"inLanguage":"de","potentialAction":[{"@type":"ReadAction","target":["https:\/\/arkiv.conraddesign.dk\/de\/shop\/stricksaet\/strickset-fuer-frauen\/elisabeth-2\/"]}]},{"@type":"ImageObject","inLanguage":"de","@id":"https:\/\/arkiv.conraddesign.dk\/de\/shop\/stricksaet\/strickset-fuer-frauen\/elisabeth-2\/#primaryimage","url":"https:\/\/arkiv.conraddesign.dk\/wp-content\/uploads\/2018\/02\/Elisabeth-pastel-ss.jpg","contentUrl":"https:\/\/arkiv.conraddesign.dk\/wp-content\/uploads\/2018\/02\/Elisabeth-pastel-ss.jpg","width":992,"height":1322},{"@type":"BreadcrumbList","@id":"https:\/\/arkiv.conraddesign.dk\/de\/shop\/stricksaet\/strickset-fuer-frauen\/elisabeth-2\/#breadcrumb","itemListElement":[{"@type":"ListItem","position":1,"name":"Hjem","item":"https:\/\/arkiv.conraddesign.dk\/de\/"},{"@type":"ListItem","position":2,"name":"Shop","item":"https:\/\/arkiv.conraddesign.dk\/de\/shop\/"},{"@type":"ListItem","position":3,"name":"Elisabeth"}]},{"@type":"WebSite","@id":"https:\/\/arkiv.conraddesign.dk\/#website","url":"https:\/\/arkiv.conraddesign.dk\/","name":"Conraddesign","description":"","potentialAction":[{"@type":"SearchAction","target":{"@type":"EntryPoint","urlTemplate":"https:\/\/arkiv.conraddesign.dk\/?s={search_term_string}"},"query-input":{"@type":"PropertyValueSpecification","valueRequired":true,"valueName":"search_term_string"}}],"inLanguage":"de"}]}},"_links":{"self":[{"href":"https:\/\/arkiv.conraddesign.dk\/de\/wp-json\/wp\/v2\/product\/15034","targetHints":{"allow":["GET"]}}],"collection":[{"href":"https:\/\/arkiv.conraddesign.dk\/de\/wp-json\/wp\/v2\/product"}],"about":[{"href":"https:\/\/arkiv.conraddesign.dk\/de\/wp-json\/wp\/v2\/types\/product"}],"replies":[{"embeddable":true,"href":"https:\/\/arkiv.conraddesign.dk\/de\/wp-json\/wp\/v2\/comments?post=15034"}],"wp:featuredmedia":[{"embeddable":true,"href":"https:\/\/arkiv.conraddesign.dk\/de\/wp-json\/wp\/v2\/media\/15035"}],"wp:attachment":[{"href":"https:\/\/arkiv.conraddesign.dk\/de\/wp-json\/wp\/v2\/media?parent=15034"}],"wp:term":[{"taxonomy":"product_cat","embeddable":true,"href":"https:\/\/arkiv.conraddesign.dk\/de\/wp-json\/wp\/v2\/product_cat?post=15034"},{"taxonomy":"product_tag","embeddable":true,"href":"https:\/\/arkiv.conraddesign.dk\/de\/wp-json\/wp\/v2\/product_tag?post=15034"}],"curies":[{"name":"wp","href":"https:\/\/api.w.org\/{rel}","templated":true}]}}