{"id":15521,"date":"2019-05-19T14:05:01","date_gmt":"2021-03-16T19:24:37","guid":{"rendered":"https:\/\/arkiv.conraddesign.dk\/shop\/unkategorisiert\/pauline-summer\/"},"modified":"2023-12-16T23:00:05","modified_gmt":"2023-12-16T22:00:05","slug":"pauline-sommer","status":"publish","type":"product","link":"https:\/\/arkiv.conraddesign.dk\/de\/shop\/stricksaet\/strickset-fuer-frauen\/pauline-sommer\/","title":{"rendered":"Pauline Summer"},"content":{"rendered":"<p>Gr\u00f6\u00dfe: XS &#8211; (S) &#8211; M &#8211; (L) &#8211; XL &#8211; (XXL)<\/p>\n<ul>\n<li>Brustweite ungef\u00e4hr: ca. 94 \u2013 (100) \u2013 106 \u2013 (112) \u2013 118 \u2013 (124) Cm.<\/li>\n<li>L\u00e4nge: Ca. 62,5 Cm. Alle Gr\u00f6\u00dfen<\/li>\n<li>\u00c4rmell\u00e4nge: Kurz ca. 9 &#8211; 10 cm.<\/li>\n<\/ul>\n<p>Material: Coast 55% Merino Lammwolle und 45% Baumwolle.<\/p>\n<ul>\n<li>Gestrickt auf Rundstricknadel 3.5<\/li>\n<li>Gestrickt auf Rundstricknadel 3 bis Hals und Rand an der Unterseite<\/li>\n<li>N 3 f\u00fcr \u00c4rmel.<\/li>\n<\/ul>\n<p>10 Farben im Pulli<\/p>\n<p>Design: Ketty Conrad<\/p>\n","protected":false},"excerpt":{"rendered":"<p>Gr\u00f6\u00dfe: XS &#8211; XXL.<\/p>\n<p>Sommerpulle in Pastellfarben<\/p>\n<p>1 Faden Coast wolle<\/p>\n<p>Strickset enth\u00e4lt Wolle und deutsche Strickanweisungen<\/p>\n<div>Design: Ketty Conrad.<\/div>\n","protected":false},"featured_media":15522,"comment_status":"closed","ping_status":"closed","template":"","meta":[],"product_cat":[412,430],"product_tag":[],"class_list":{"0":"post-15521","1":"product","2":"type-product","3":"status-publish","4":"has-post-thumbnail","6":"product_cat-stricksaet","7":"product_cat-strickset-fuer-frauen","8":"tm-no-options","9":"description-off","11":"first","12":"instock","13":"taxable","14":"shipping-taxable","15":"purchasable","16":"product-type-simple"},"aioseo_notices":[],"yoast_head":"<!-- This site is optimized with the Yoast SEO plugin v25.7 - https:\/\/yoast.com\/wordpress\/plugins\/seo\/ -->\n<title>Pauline Summer - Conraddesign<\/title>\n<meta name=\"robots\" content=\"noindex, follow, max-snippet:-1, max-image-preview:large, max-video-preview:-1\" \/>\n<meta property=\"og:locale\" content=\"de_DE\" \/>\n<meta property=\"og:type\" content=\"article\" \/>\n<meta property=\"og:title\" content=\"Pauline Summer - Conraddesign\" \/>\n<meta property=\"og:description\" content=\"Gr\u00f6\u00dfe: XS - XXL. Sommerpulle in Pastellfarben 1 Faden Coast wolle Strickset enth\u00e4lt Wolle und deutsche Strickanweisungen Design: Ketty Conrad.\" \/>\n<meta property=\"og:url\" content=\"https:\/\/arkiv.conraddesign.dk\/de\/shop\/stricksaet\/strickset-fuer-frauen\/pauline-sommer\/\" \/>\n<meta property=\"og:site_name\" content=\"Conraddesign\" \/>\n<meta property=\"article:modified_time\" content=\"2023-12-16T22:00:05+00:00\" \/>\n<meta property=\"og:image\" content=\"https:\/\/arkiv.conraddesign.dk\/wp-content\/uploads\/2019\/05\/Pauline-sommer-2-1.jpg\" \/>\n\t<meta property=\"og:image:width\" content=\"503\" \/>\n\t<meta property=\"og:image:height\" content=\"669\" \/>\n\t<meta property=\"og:image:type\" content=\"image\/jpeg\" \/>\n<meta name=\"twitter:card\" content=\"summary_large_image\" \/>\n<script type=\"application\/ld+json\" class=\"yoast-schema-graph\">{\"@context\":\"https:\/\/schema.org\",\"@graph\":[{\"@type\":\"WebPage\",\"@id\":\"https:\/\/arkiv.conraddesign.dk\/de\/shop\/stricksaet\/strickset-fuer-frauen\/pauline-sommer\/\",\"url\":\"https:\/\/arkiv.conraddesign.dk\/de\/shop\/stricksaet\/strickset-fuer-frauen\/pauline-sommer\/\",\"name\":\"Pauline Summer - Conraddesign\",\"isPartOf\":{\"@id\":\"https:\/\/arkiv.conraddesign.dk\/#website\"},\"primaryImageOfPage\":{\"@id\":\"https:\/\/arkiv.conraddesign.dk\/de\/shop\/stricksaet\/strickset-fuer-frauen\/pauline-sommer\/#primaryimage\"},\"image\":{\"@id\":\"https:\/\/arkiv.conraddesign.dk\/de\/shop\/stricksaet\/strickset-fuer-frauen\/pauline-sommer\/#primaryimage\"},\"thumbnailUrl\":\"https:\/\/arkiv.conraddesign.dk\/wp-content\/uploads\/2019\/05\/Pauline-sommer-2-1.jpg\",\"datePublished\":\"2021-03-16T19:24:37+00:00\",\"dateModified\":\"2023-12-16T22:00:05+00:00\",\"breadcrumb\":{\"@id\":\"https:\/\/arkiv.conraddesign.dk\/de\/shop\/stricksaet\/strickset-fuer-frauen\/pauline-sommer\/#breadcrumb\"},\"inLanguage\":\"de\",\"potentialAction\":[{\"@type\":\"ReadAction\",\"target\":[\"https:\/\/arkiv.conraddesign.dk\/de\/shop\/stricksaet\/strickset-fuer-frauen\/pauline-sommer\/\"]}]},{\"@type\":\"ImageObject\",\"inLanguage\":\"de\",\"@id\":\"https:\/\/arkiv.conraddesign.dk\/de\/shop\/stricksaet\/strickset-fuer-frauen\/pauline-sommer\/#primaryimage\",\"url\":\"https:\/\/arkiv.conraddesign.dk\/wp-content\/uploads\/2019\/05\/Pauline-sommer-2-1.jpg\",\"contentUrl\":\"https:\/\/arkiv.conraddesign.dk\/wp-content\/uploads\/2019\/05\/Pauline-sommer-2-1.jpg\",\"width\":503,\"height\":669},{\"@type\":\"BreadcrumbList\",\"@id\":\"https:\/\/arkiv.conraddesign.dk\/de\/shop\/stricksaet\/strickset-fuer-frauen\/pauline-sommer\/#breadcrumb\",\"itemListElement\":[{\"@type\":\"ListItem\",\"position\":1,\"name\":\"Hjem\",\"item\":\"https:\/\/arkiv.conraddesign.dk\/de\/\"},{\"@type\":\"ListItem\",\"position\":2,\"name\":\"Shop\",\"item\":\"https:\/\/arkiv.conraddesign.dk\/de\/shop\/\"},{\"@type\":\"ListItem\",\"position\":3,\"name\":\"Pauline Summer\"}]},{\"@type\":\"WebSite\",\"@id\":\"https:\/\/arkiv.conraddesign.dk\/#website\",\"url\":\"https:\/\/arkiv.conraddesign.dk\/\",\"name\":\"Conraddesign\",\"description\":\"\",\"potentialAction\":[{\"@type\":\"SearchAction\",\"target\":{\"@type\":\"EntryPoint\",\"urlTemplate\":\"https:\/\/arkiv.conraddesign.dk\/?s={search_term_string}\"},\"query-input\":{\"@type\":\"PropertyValueSpecification\",\"valueRequired\":true,\"valueName\":\"search_term_string\"}}],\"inLanguage\":\"de\"}]}<\/script>\n<!-- \/ Yoast SEO plugin. -->","yoast_head_json":{"title":"Pauline Summer - Conraddesign","robots":{"index":"noindex","follow":"follow","max-snippet":"max-snippet:-1","max-image-preview":"max-image-preview:large","max-video-preview":"max-video-preview:-1"},"og_locale":"de_DE","og_type":"article","og_title":"Pauline Summer - Conraddesign","og_description":"Gr\u00f6\u00dfe: XS - XXL. Sommerpulle in Pastellfarben 1 Faden Coast wolle Strickset enth\u00e4lt Wolle und deutsche Strickanweisungen Design: Ketty Conrad.","og_url":"https:\/\/arkiv.conraddesign.dk\/de\/shop\/stricksaet\/strickset-fuer-frauen\/pauline-sommer\/","og_site_name":"Conraddesign","article_modified_time":"2023-12-16T22:00:05+00:00","og_image":[{"width":503,"height":669,"url":"https:\/\/arkiv.conraddesign.dk\/wp-content\/uploads\/2019\/05\/Pauline-sommer-2-1.jpg","type":"image\/jpeg"}],"twitter_card":"summary_large_image","schema":{"@context":"https:\/\/schema.org","@graph":[{"@type":"WebPage","@id":"https:\/\/arkiv.conraddesign.dk\/de\/shop\/stricksaet\/strickset-fuer-frauen\/pauline-sommer\/","url":"https:\/\/arkiv.conraddesign.dk\/de\/shop\/stricksaet\/strickset-fuer-frauen\/pauline-sommer\/","name":"Pauline Summer - Conraddesign","isPartOf":{"@id":"https:\/\/arkiv.conraddesign.dk\/#website"},"primaryImageOfPage":{"@id":"https:\/\/arkiv.conraddesign.dk\/de\/shop\/stricksaet\/strickset-fuer-frauen\/pauline-sommer\/#primaryimage"},"image":{"@id":"https:\/\/arkiv.conraddesign.dk\/de\/shop\/stricksaet\/strickset-fuer-frauen\/pauline-sommer\/#primaryimage"},"thumbnailUrl":"https:\/\/arkiv.conraddesign.dk\/wp-content\/uploads\/2019\/05\/Pauline-sommer-2-1.jpg","datePublished":"2021-03-16T19:24:37+00:00","dateModified":"2023-12-16T22:00:05+00:00","breadcrumb":{"@id":"https:\/\/arkiv.conraddesign.dk\/de\/shop\/stricksaet\/strickset-fuer-frauen\/pauline-sommer\/#breadcrumb"},"inLanguage":"de","potentialAction":[{"@type":"ReadAction","target":["https:\/\/arkiv.conraddesign.dk\/de\/shop\/stricksaet\/strickset-fuer-frauen\/pauline-sommer\/"]}]},{"@type":"ImageObject","inLanguage":"de","@id":"https:\/\/arkiv.conraddesign.dk\/de\/shop\/stricksaet\/strickset-fuer-frauen\/pauline-sommer\/#primaryimage","url":"https:\/\/arkiv.conraddesign.dk\/wp-content\/uploads\/2019\/05\/Pauline-sommer-2-1.jpg","contentUrl":"https:\/\/arkiv.conraddesign.dk\/wp-content\/uploads\/2019\/05\/Pauline-sommer-2-1.jpg","width":503,"height":669},{"@type":"BreadcrumbList","@id":"https:\/\/arkiv.conraddesign.dk\/de\/shop\/stricksaet\/strickset-fuer-frauen\/pauline-sommer\/#breadcrumb","itemListElement":[{"@type":"ListItem","position":1,"name":"Hjem","item":"https:\/\/arkiv.conraddesign.dk\/de\/"},{"@type":"ListItem","position":2,"name":"Shop","item":"https:\/\/arkiv.conraddesign.dk\/de\/shop\/"},{"@type":"ListItem","position":3,"name":"Pauline Summer"}]},{"@type":"WebSite","@id":"https:\/\/arkiv.conraddesign.dk\/#website","url":"https:\/\/arkiv.conraddesign.dk\/","name":"Conraddesign","description":"","potentialAction":[{"@type":"SearchAction","target":{"@type":"EntryPoint","urlTemplate":"https:\/\/arkiv.conraddesign.dk\/?s={search_term_string}"},"query-input":{"@type":"PropertyValueSpecification","valueRequired":true,"valueName":"search_term_string"}}],"inLanguage":"de"}]}},"_links":{"self":[{"href":"https:\/\/arkiv.conraddesign.dk\/de\/wp-json\/wp\/v2\/product\/15521","targetHints":{"allow":["GET"]}}],"collection":[{"href":"https:\/\/arkiv.conraddesign.dk\/de\/wp-json\/wp\/v2\/product"}],"about":[{"href":"https:\/\/arkiv.conraddesign.dk\/de\/wp-json\/wp\/v2\/types\/product"}],"replies":[{"embeddable":true,"href":"https:\/\/arkiv.conraddesign.dk\/de\/wp-json\/wp\/v2\/comments?post=15521"}],"wp:featuredmedia":[{"embeddable":true,"href":"https:\/\/arkiv.conraddesign.dk\/de\/wp-json\/wp\/v2\/media\/15522"}],"wp:attachment":[{"href":"https:\/\/arkiv.conraddesign.dk\/de\/wp-json\/wp\/v2\/media?parent=15521"}],"wp:term":[{"taxonomy":"product_cat","embeddable":true,"href":"https:\/\/arkiv.conraddesign.dk\/de\/wp-json\/wp\/v2\/product_cat?post=15521"},{"taxonomy":"product_tag","embeddable":true,"href":"https:\/\/arkiv.conraddesign.dk\/de\/wp-json\/wp\/v2\/product_tag?post=15521"}],"curies":[{"name":"wp","href":"https:\/\/api.w.org\/{rel}","templated":true}]}}