{"id":17193,"date":"2019-09-06T19:31:29","date_gmt":"2022-02-12T07:46:55","guid":{"rendered":"https:\/\/arkiv.conraddesign.dk\/shop\/unkategorisiert\/cecilie\/"},"modified":"2023-10-11T00:00:29","modified_gmt":"2023-10-10T22:00:29","slug":"cecilie","status":"publish","type":"product","link":"https:\/\/arkiv.conraddesign.dk\/de\/shop\/stricksaet\/strickset-fuer-frauen\/cecilie\/","title":{"rendered":"Cecilie"},"content":{"rendered":"<p>Gr\u00f6\u00dfe: S &#8211; (M) &#8211; L &#8211; (XL) &#8211; XXL<\/p>\n<ul>\n<li>Brustweite von der Strickarbeit: 95 &#8211; (102) \u2013 107 \u2013 (114) \u2013 122 Cm<\/li>\n<li>L\u00e4nge ungef\u00e4hr 60 cm<\/li>\n<li>\u00c4rmell\u00e4nge unter dem Arm gemessen: ungef\u00e4hr 46 cm<\/li>\n<\/ul>\n<p>Material:<\/p>\n<ul>\n<li>Coast, 55% Merino Lammwolle \u2013 45% Baumwolle<\/li>\n<li>100% D\u00fcnne Alpaka<\/li>\n<\/ul>\n<p>Gestrickt mit Rundstock Nr. 4 und 3,5 (40 cm und 60 cm). Nadelspiel 3,5 und 4.<\/p>\n<p>9 Farben in diesem Pullover.<\/p>\n<p>Design: Ketty Conrad<\/p>\n","protected":false},"excerpt":{"rendered":"<p>Gr\u00f6\u00dfe: S &#8211; XXL<\/p>\n<p>Sch\u00f6ner und weicher Pullover<\/p>\n<p>Wolle: Coast + Alpaca<\/p>\n<p>Strickset enth\u00e4lt Wolle und deutsche Strikanweisungen<\/p>\n<p>Design: Ketty Conrad<\/p>\n","protected":false},"featured_media":17188,"comment_status":"closed","ping_status":"closed","template":"","meta":[],"product_cat":[412,430],"product_tag":[],"class_list":{"0":"post-17193","1":"product","2":"type-product","3":"status-publish","4":"has-post-thumbnail","6":"product_cat-stricksaet","7":"product_cat-strickset-fuer-frauen","8":"pa_farve-original-de","9":"pa_farve-rot","10":"tm-no-options","11":"description-off","13":"first","14":"instock","15":"taxable","16":"shipping-taxable","17":"purchasable","18":"product-type-variable"},"aioseo_notices":[],"yoast_head":"<!-- This site is optimized with the Yoast SEO plugin v25.7 - https:\/\/yoast.com\/wordpress\/plugins\/seo\/ -->\n<title>Cecilie - Conraddesign<\/title>\n<meta name=\"robots\" content=\"noindex, follow, max-snippet:-1, max-image-preview:large, max-video-preview:-1\" \/>\n<meta property=\"og:locale\" content=\"de_DE\" \/>\n<meta property=\"og:type\" content=\"article\" \/>\n<meta property=\"og:title\" content=\"Cecilie - Conraddesign\" \/>\n<meta property=\"og:description\" content=\"Gr\u00f6\u00dfe: S - XXL Sch\u00f6ner und weicher Pullover Wolle: Coast + Alpaca Strickset enth\u00e4lt Wolle und deutsche Strikanweisungen Design: Ketty Conrad\" \/>\n<meta property=\"og:url\" content=\"https:\/\/arkiv.conraddesign.dk\/de\/shop\/stricksaet\/strickset-fuer-frauen\/cecilie-2-2\/\" \/>\n<meta property=\"og:site_name\" content=\"Conraddesign\" \/>\n<meta property=\"article:modified_time\" content=\"2023-10-10T22:00:29+00:00\" \/>\n<meta property=\"og:image\" content=\"https:\/\/arkiv.conraddesign.dk\/wp-content\/uploads\/2019\/09\/Cecilie-1-2.jpg\" \/>\n\t<meta property=\"og:image:width\" content=\"784\" \/>\n\t<meta property=\"og:image:height\" content=\"1046\" \/>\n\t<meta property=\"og:image:type\" content=\"image\/jpeg\" \/>\n<meta name=\"twitter:card\" content=\"summary_large_image\" \/>\n<script type=\"application\/ld+json\" class=\"yoast-schema-graph\">{\"@context\":\"https:\/\/schema.org\",\"@graph\":[{\"@type\":\"WebPage\",\"@id\":\"https:\/\/arkiv.conraddesign.dk\/de\/shop\/stricksaet\/strickset-fuer-frauen\/cecilie-2-2\/\",\"url\":\"https:\/\/arkiv.conraddesign.dk\/de\/shop\/stricksaet\/strickset-fuer-frauen\/cecilie-2-2\/\",\"name\":\"Cecilie - Conraddesign\",\"isPartOf\":{\"@id\":\"https:\/\/arkiv.conraddesign.dk\/#website\"},\"primaryImageOfPage\":{\"@id\":\"https:\/\/arkiv.conraddesign.dk\/de\/shop\/stricksaet\/strickset-fuer-frauen\/cecilie-2-2\/#primaryimage\"},\"image\":{\"@id\":\"https:\/\/arkiv.conraddesign.dk\/de\/shop\/stricksaet\/strickset-fuer-frauen\/cecilie-2-2\/#primaryimage\"},\"thumbnailUrl\":\"https:\/\/arkiv.conraddesign.dk\/wp-content\/uploads\/2019\/09\/Cecilie-1-2.jpg\",\"datePublished\":\"2022-02-12T07:46:55+00:00\",\"dateModified\":\"2023-10-10T22:00:29+00:00\",\"breadcrumb\":{\"@id\":\"https:\/\/arkiv.conraddesign.dk\/de\/shop\/stricksaet\/strickset-fuer-frauen\/cecilie-2-2\/#breadcrumb\"},\"inLanguage\":\"de\",\"potentialAction\":[{\"@type\":\"ReadAction\",\"target\":[\"https:\/\/arkiv.conraddesign.dk\/de\/shop\/stricksaet\/strickset-fuer-frauen\/cecilie-2-2\/\"]}]},{\"@type\":\"ImageObject\",\"inLanguage\":\"de\",\"@id\":\"https:\/\/arkiv.conraddesign.dk\/de\/shop\/stricksaet\/strickset-fuer-frauen\/cecilie-2-2\/#primaryimage\",\"url\":\"https:\/\/arkiv.conraddesign.dk\/wp-content\/uploads\/2019\/09\/Cecilie-1-2.jpg\",\"contentUrl\":\"https:\/\/arkiv.conraddesign.dk\/wp-content\/uploads\/2019\/09\/Cecilie-1-2.jpg\",\"width\":784,\"height\":1046},{\"@type\":\"BreadcrumbList\",\"@id\":\"https:\/\/arkiv.conraddesign.dk\/de\/shop\/stricksaet\/strickset-fuer-frauen\/cecilie-2-2\/#breadcrumb\",\"itemListElement\":[{\"@type\":\"ListItem\",\"position\":1,\"name\":\"Hjem\",\"item\":\"https:\/\/arkiv.conraddesign.dk\/de\/\"},{\"@type\":\"ListItem\",\"position\":2,\"name\":\"Shop\",\"item\":\"https:\/\/arkiv.conraddesign.dk\/de\/shop\/\"},{\"@type\":\"ListItem\",\"position\":3,\"name\":\"Cecilie\"}]},{\"@type\":\"WebSite\",\"@id\":\"https:\/\/arkiv.conraddesign.dk\/#website\",\"url\":\"https:\/\/arkiv.conraddesign.dk\/\",\"name\":\"Conraddesign\",\"description\":\"\",\"potentialAction\":[{\"@type\":\"SearchAction\",\"target\":{\"@type\":\"EntryPoint\",\"urlTemplate\":\"https:\/\/arkiv.conraddesign.dk\/?s={search_term_string}\"},\"query-input\":{\"@type\":\"PropertyValueSpecification\",\"valueRequired\":true,\"valueName\":\"search_term_string\"}}],\"inLanguage\":\"de\"}]}<\/script>\n<!-- \/ Yoast SEO plugin. -->","yoast_head_json":{"title":"Cecilie - Conraddesign","robots":{"index":"noindex","follow":"follow","max-snippet":"max-snippet:-1","max-image-preview":"max-image-preview:large","max-video-preview":"max-video-preview:-1"},"og_locale":"de_DE","og_type":"article","og_title":"Cecilie - Conraddesign","og_description":"Gr\u00f6\u00dfe: S - XXL Sch\u00f6ner und weicher Pullover Wolle: Coast + Alpaca Strickset enth\u00e4lt Wolle und deutsche Strikanweisungen Design: Ketty Conrad","og_url":"https:\/\/arkiv.conraddesign.dk\/de\/shop\/stricksaet\/strickset-fuer-frauen\/cecilie-2-2\/","og_site_name":"Conraddesign","article_modified_time":"2023-10-10T22:00:29+00:00","og_image":[{"width":784,"height":1046,"url":"https:\/\/arkiv.conraddesign.dk\/wp-content\/uploads\/2019\/09\/Cecilie-1-2.jpg","type":"image\/jpeg"}],"twitter_card":"summary_large_image","schema":{"@context":"https:\/\/schema.org","@graph":[{"@type":"WebPage","@id":"https:\/\/arkiv.conraddesign.dk\/de\/shop\/stricksaet\/strickset-fuer-frauen\/cecilie-2-2\/","url":"https:\/\/arkiv.conraddesign.dk\/de\/shop\/stricksaet\/strickset-fuer-frauen\/cecilie-2-2\/","name":"Cecilie - Conraddesign","isPartOf":{"@id":"https:\/\/arkiv.conraddesign.dk\/#website"},"primaryImageOfPage":{"@id":"https:\/\/arkiv.conraddesign.dk\/de\/shop\/stricksaet\/strickset-fuer-frauen\/cecilie-2-2\/#primaryimage"},"image":{"@id":"https:\/\/arkiv.conraddesign.dk\/de\/shop\/stricksaet\/strickset-fuer-frauen\/cecilie-2-2\/#primaryimage"},"thumbnailUrl":"https:\/\/arkiv.conraddesign.dk\/wp-content\/uploads\/2019\/09\/Cecilie-1-2.jpg","datePublished":"2022-02-12T07:46:55+00:00","dateModified":"2023-10-10T22:00:29+00:00","breadcrumb":{"@id":"https:\/\/arkiv.conraddesign.dk\/de\/shop\/stricksaet\/strickset-fuer-frauen\/cecilie-2-2\/#breadcrumb"},"inLanguage":"de","potentialAction":[{"@type":"ReadAction","target":["https:\/\/arkiv.conraddesign.dk\/de\/shop\/stricksaet\/strickset-fuer-frauen\/cecilie-2-2\/"]}]},{"@type":"ImageObject","inLanguage":"de","@id":"https:\/\/arkiv.conraddesign.dk\/de\/shop\/stricksaet\/strickset-fuer-frauen\/cecilie-2-2\/#primaryimage","url":"https:\/\/arkiv.conraddesign.dk\/wp-content\/uploads\/2019\/09\/Cecilie-1-2.jpg","contentUrl":"https:\/\/arkiv.conraddesign.dk\/wp-content\/uploads\/2019\/09\/Cecilie-1-2.jpg","width":784,"height":1046},{"@type":"BreadcrumbList","@id":"https:\/\/arkiv.conraddesign.dk\/de\/shop\/stricksaet\/strickset-fuer-frauen\/cecilie-2-2\/#breadcrumb","itemListElement":[{"@type":"ListItem","position":1,"name":"Hjem","item":"https:\/\/arkiv.conraddesign.dk\/de\/"},{"@type":"ListItem","position":2,"name":"Shop","item":"https:\/\/arkiv.conraddesign.dk\/de\/shop\/"},{"@type":"ListItem","position":3,"name":"Cecilie"}]},{"@type":"WebSite","@id":"https:\/\/arkiv.conraddesign.dk\/#website","url":"https:\/\/arkiv.conraddesign.dk\/","name":"Conraddesign","description":"","potentialAction":[{"@type":"SearchAction","target":{"@type":"EntryPoint","urlTemplate":"https:\/\/arkiv.conraddesign.dk\/?s={search_term_string}"},"query-input":{"@type":"PropertyValueSpecification","valueRequired":true,"valueName":"search_term_string"}}],"inLanguage":"de"}]}},"_links":{"self":[{"href":"https:\/\/arkiv.conraddesign.dk\/de\/wp-json\/wp\/v2\/product\/17193","targetHints":{"allow":["GET"]}}],"collection":[{"href":"https:\/\/arkiv.conraddesign.dk\/de\/wp-json\/wp\/v2\/product"}],"about":[{"href":"https:\/\/arkiv.conraddesign.dk\/de\/wp-json\/wp\/v2\/types\/product"}],"replies":[{"embeddable":true,"href":"https:\/\/arkiv.conraddesign.dk\/de\/wp-json\/wp\/v2\/comments?post=17193"}],"wp:featuredmedia":[{"embeddable":true,"href":"https:\/\/arkiv.conraddesign.dk\/de\/wp-json\/wp\/v2\/media\/17188"}],"wp:attachment":[{"href":"https:\/\/arkiv.conraddesign.dk\/de\/wp-json\/wp\/v2\/media?parent=17193"}],"wp:term":[{"taxonomy":"product_cat","embeddable":true,"href":"https:\/\/arkiv.conraddesign.dk\/de\/wp-json\/wp\/v2\/product_cat?post=17193"},{"taxonomy":"product_tag","embeddable":true,"href":"https:\/\/arkiv.conraddesign.dk\/de\/wp-json\/wp\/v2\/product_tag?post=17193"}],"curies":[{"name":"wp","href":"https:\/\/api.w.org\/{rel}","templated":true}]}}