{"id":17194,"date":"2019-12-08T14:46:22","date_gmt":"2022-02-12T08:01:20","guid":{"rendered":"https:\/\/arkiv.conraddesign.dk\/shop\/unkategorisiert\/cecilie-einfarbig\/"},"modified":"2023-11-14T23:01:13","modified_gmt":"2023-11-14T22:01:13","slug":"cecilie-ensfarvet-2","status":"publish","type":"product","link":"https:\/\/arkiv.conraddesign.dk\/de\/shop\/stricksaet\/strickset-fuer-frauen\/cecilie-ensfarvet-2\/","title":{"rendered":"Cecilie einfarbig"},"content":{"rendered":"<p>Gr\u00f6\u00dfe: S &#8211; (M) &#8211; L &#8211; (XL) &#8211; XXL<\/p>\n<ul>\n<li>Brustweite von der Strickarbeit: 95 &#8211; (102) \u2013 107 \u2013 (114) \u2013 122 Cm<\/li>\n<li>L\u00e4nge ungef\u00e4hr 60 cm<\/li>\n<li>\u00c4rmell\u00e4nge unter dem Arm gemessen: ungef\u00e4hr 46 cm<\/li>\n<\/ul>\n<p>Material:<\/p>\n<ul>\n<li>Coast, 55% Merino Lammwolle \u2013 45% Baumwolle<\/li>\n<li>100% D\u00fcnne Alpaka<\/li>\n<\/ul>\n<p>Gestrickt mit Rundstock Nr. 4 und 3,5 (40 cm und 60 cm). Nadelspiel 3,5 und 4.<\/p>\n<p>Design: Ketty Conrad<\/p>\n","protected":false},"excerpt":{"rendered":"<p>Gr\u00f6\u00dfe: S &#8211; XXL<\/p>\n<p>Sch\u00f6ner und weicher Pullover<\/p>\n<p>Wolle: Coast + Alpaca<\/p>\n<p>Strickset enth\u00e4lt Wolle und deutsche Strikanweisungen<\/p>\n<p>Sollten Sie andere zwei Farben f\u00fcr die Strickbluse w\u00fcnschen, dann schreiben Sie bitte die gew\u00fcnschten Farben in dem Kommentarfeld. Passende Farben in Alpaka und Coast<\/p>\n<p>Design: Ketty Conrad<\/p>\n","protected":false},"featured_media":12766,"comment_status":"closed","ping_status":"closed","template":"","meta":[],"product_cat":[412,430],"product_tag":[],"class_list":{"0":"post-17194","1":"product","2":"type-product","3":"status-publish","4":"has-post-thumbnail","6":"product_cat-stricksaet","7":"product_cat-strickset-fuer-frauen","8":"pa_stoerrelse-s-l-2-de","9":"pa_stoerrelse-xl-xxl-2-de","10":"tm-no-options","11":"description-off","13":"first","14":"instock","15":"taxable","16":"shipping-taxable","17":"purchasable","18":"product-type-variable"},"aioseo_notices":[],"yoast_head":"<!-- This site is optimized with the Yoast SEO plugin v25.7 - https:\/\/yoast.com\/wordpress\/plugins\/seo\/ -->\n<title>Cecilie einfarbig - Conraddesign<\/title>\n<meta name=\"robots\" content=\"noindex, follow, max-snippet:-1, max-image-preview:large, max-video-preview:-1\" \/>\n<meta property=\"og:locale\" content=\"de_DE\" \/>\n<meta property=\"og:type\" content=\"article\" \/>\n<meta property=\"og:title\" content=\"Cecilie einfarbig - Conraddesign\" \/>\n<meta property=\"og:description\" content=\"Gr\u00f6\u00dfe: S - XXL Sch\u00f6ner und weicher Pullover Wolle: Coast + Alpaca Strickset enth\u00e4lt Wolle und deutsche Strikanweisungen Sollten Sie andere zwei Farben f\u00fcr die Strickbluse w\u00fcnschen, dann schreiben Sie bitte die gew\u00fcnschten Farben in dem Kommentarfeld. Passende Farben in Alpaka und Coast Design: Ketty Conrad\" \/>\n<meta property=\"og:url\" content=\"https:\/\/arkiv.conraddesign.dk\/shop\/unkategorisiert\/cecilie-einfarbig\/\" \/>\n<meta property=\"og:site_name\" content=\"Conraddesign\" \/>\n<meta property=\"article:modified_time\" content=\"2023-11-14T22:01:13+00:00\" \/>\n<meta name=\"twitter:card\" content=\"summary_large_image\" \/>\n<script type=\"application\/ld+json\" class=\"yoast-schema-graph\">{\"@context\":\"https:\/\/schema.org\",\"@graph\":[{\"@type\":\"WebPage\",\"@id\":\"https:\/\/arkiv.conraddesign.dk\/shop\/unkategorisiert\/cecilie-einfarbig\/\",\"url\":\"https:\/\/arkiv.conraddesign.dk\/shop\/unkategorisiert\/cecilie-einfarbig\/\",\"name\":\"Cecilie einfarbig - Conraddesign\",\"isPartOf\":{\"@id\":\"https:\/\/arkiv.conraddesign.dk\/#website\"},\"primaryImageOfPage\":{\"@id\":\"https:\/\/arkiv.conraddesign.dk\/shop\/unkategorisiert\/cecilie-einfarbig\/#primaryimage\"},\"image\":{\"@id\":\"https:\/\/arkiv.conraddesign.dk\/shop\/unkategorisiert\/cecilie-einfarbig\/#primaryimage\"},\"thumbnailUrl\":\"https:\/\/arkiv.conraddesign.dk\/wp-content\/uploads\/2019\/12\/Cecilie-ensfarvet-e1575810472343-removebg-preview.png\",\"datePublished\":\"2022-02-12T08:01:20+00:00\",\"dateModified\":\"2023-11-14T22:01:13+00:00\",\"breadcrumb\":{\"@id\":\"https:\/\/arkiv.conraddesign.dk\/shop\/unkategorisiert\/cecilie-einfarbig\/#breadcrumb\"},\"inLanguage\":\"de\",\"potentialAction\":[{\"@type\":\"ReadAction\",\"target\":[\"https:\/\/arkiv.conraddesign.dk\/shop\/unkategorisiert\/cecilie-einfarbig\/\"]}]},{\"@type\":\"ImageObject\",\"inLanguage\":\"de\",\"@id\":\"https:\/\/arkiv.conraddesign.dk\/shop\/unkategorisiert\/cecilie-einfarbig\/#primaryimage\",\"url\":\"https:\/\/arkiv.conraddesign.dk\/wp-content\/uploads\/2019\/12\/Cecilie-ensfarvet-e1575810472343-removebg-preview.png\",\"contentUrl\":\"https:\/\/arkiv.conraddesign.dk\/wp-content\/uploads\/2019\/12\/Cecilie-ensfarvet-e1575810472343-removebg-preview.png\",\"width\":433,\"height\":577},{\"@type\":\"BreadcrumbList\",\"@id\":\"https:\/\/arkiv.conraddesign.dk\/shop\/unkategorisiert\/cecilie-einfarbig\/#breadcrumb\",\"itemListElement\":[{\"@type\":\"ListItem\",\"position\":1,\"name\":\"Hjem\",\"item\":\"https:\/\/arkiv.conraddesign.dk\/de\/\"},{\"@type\":\"ListItem\",\"position\":2,\"name\":\"Shop\",\"item\":\"https:\/\/arkiv.conraddesign.dk\/de\/shop\/\"},{\"@type\":\"ListItem\",\"position\":3,\"name\":\"Cecilie einfarbig\"}]},{\"@type\":\"WebSite\",\"@id\":\"https:\/\/arkiv.conraddesign.dk\/#website\",\"url\":\"https:\/\/arkiv.conraddesign.dk\/\",\"name\":\"Conraddesign\",\"description\":\"\",\"potentialAction\":[{\"@type\":\"SearchAction\",\"target\":{\"@type\":\"EntryPoint\",\"urlTemplate\":\"https:\/\/arkiv.conraddesign.dk\/?s={search_term_string}\"},\"query-input\":{\"@type\":\"PropertyValueSpecification\",\"valueRequired\":true,\"valueName\":\"search_term_string\"}}],\"inLanguage\":\"de\"}]}<\/script>\n<!-- \/ Yoast SEO plugin. -->","yoast_head_json":{"title":"Cecilie einfarbig - Conraddesign","robots":{"index":"noindex","follow":"follow","max-snippet":"max-snippet:-1","max-image-preview":"max-image-preview:large","max-video-preview":"max-video-preview:-1"},"og_locale":"de_DE","og_type":"article","og_title":"Cecilie einfarbig - Conraddesign","og_description":"Gr\u00f6\u00dfe: S - XXL Sch\u00f6ner und weicher Pullover Wolle: Coast + Alpaca Strickset enth\u00e4lt Wolle und deutsche Strikanweisungen Sollten Sie andere zwei Farben f\u00fcr die Strickbluse w\u00fcnschen, dann schreiben Sie bitte die gew\u00fcnschten Farben in dem Kommentarfeld. Passende Farben in Alpaka und Coast Design: Ketty Conrad","og_url":"https:\/\/arkiv.conraddesign.dk\/shop\/unkategorisiert\/cecilie-einfarbig\/","og_site_name":"Conraddesign","article_modified_time":"2023-11-14T22:01:13+00:00","twitter_card":"summary_large_image","schema":{"@context":"https:\/\/schema.org","@graph":[{"@type":"WebPage","@id":"https:\/\/arkiv.conraddesign.dk\/shop\/unkategorisiert\/cecilie-einfarbig\/","url":"https:\/\/arkiv.conraddesign.dk\/shop\/unkategorisiert\/cecilie-einfarbig\/","name":"Cecilie einfarbig - Conraddesign","isPartOf":{"@id":"https:\/\/arkiv.conraddesign.dk\/#website"},"primaryImageOfPage":{"@id":"https:\/\/arkiv.conraddesign.dk\/shop\/unkategorisiert\/cecilie-einfarbig\/#primaryimage"},"image":{"@id":"https:\/\/arkiv.conraddesign.dk\/shop\/unkategorisiert\/cecilie-einfarbig\/#primaryimage"},"thumbnailUrl":"https:\/\/arkiv.conraddesign.dk\/wp-content\/uploads\/2019\/12\/Cecilie-ensfarvet-e1575810472343-removebg-preview.png","datePublished":"2022-02-12T08:01:20+00:00","dateModified":"2023-11-14T22:01:13+00:00","breadcrumb":{"@id":"https:\/\/arkiv.conraddesign.dk\/shop\/unkategorisiert\/cecilie-einfarbig\/#breadcrumb"},"inLanguage":"de","potentialAction":[{"@type":"ReadAction","target":["https:\/\/arkiv.conraddesign.dk\/shop\/unkategorisiert\/cecilie-einfarbig\/"]}]},{"@type":"ImageObject","inLanguage":"de","@id":"https:\/\/arkiv.conraddesign.dk\/shop\/unkategorisiert\/cecilie-einfarbig\/#primaryimage","url":"https:\/\/arkiv.conraddesign.dk\/wp-content\/uploads\/2019\/12\/Cecilie-ensfarvet-e1575810472343-removebg-preview.png","contentUrl":"https:\/\/arkiv.conraddesign.dk\/wp-content\/uploads\/2019\/12\/Cecilie-ensfarvet-e1575810472343-removebg-preview.png","width":433,"height":577},{"@type":"BreadcrumbList","@id":"https:\/\/arkiv.conraddesign.dk\/shop\/unkategorisiert\/cecilie-einfarbig\/#breadcrumb","itemListElement":[{"@type":"ListItem","position":1,"name":"Hjem","item":"https:\/\/arkiv.conraddesign.dk\/de\/"},{"@type":"ListItem","position":2,"name":"Shop","item":"https:\/\/arkiv.conraddesign.dk\/de\/shop\/"},{"@type":"ListItem","position":3,"name":"Cecilie einfarbig"}]},{"@type":"WebSite","@id":"https:\/\/arkiv.conraddesign.dk\/#website","url":"https:\/\/arkiv.conraddesign.dk\/","name":"Conraddesign","description":"","potentialAction":[{"@type":"SearchAction","target":{"@type":"EntryPoint","urlTemplate":"https:\/\/arkiv.conraddesign.dk\/?s={search_term_string}"},"query-input":{"@type":"PropertyValueSpecification","valueRequired":true,"valueName":"search_term_string"}}],"inLanguage":"de"}]}},"_links":{"self":[{"href":"https:\/\/arkiv.conraddesign.dk\/de\/wp-json\/wp\/v2\/product\/17194","targetHints":{"allow":["GET"]}}],"collection":[{"href":"https:\/\/arkiv.conraddesign.dk\/de\/wp-json\/wp\/v2\/product"}],"about":[{"href":"https:\/\/arkiv.conraddesign.dk\/de\/wp-json\/wp\/v2\/types\/product"}],"replies":[{"embeddable":true,"href":"https:\/\/arkiv.conraddesign.dk\/de\/wp-json\/wp\/v2\/comments?post=17194"}],"wp:featuredmedia":[{"embeddable":true,"href":"https:\/\/arkiv.conraddesign.dk\/de\/wp-json\/wp\/v2\/media\/12766"}],"wp:attachment":[{"href":"https:\/\/arkiv.conraddesign.dk\/de\/wp-json\/wp\/v2\/media?parent=17194"}],"wp:term":[{"taxonomy":"product_cat","embeddable":true,"href":"https:\/\/arkiv.conraddesign.dk\/de\/wp-json\/wp\/v2\/product_cat?post=17194"},{"taxonomy":"product_tag","embeddable":true,"href":"https:\/\/arkiv.conraddesign.dk\/de\/wp-json\/wp\/v2\/product_tag?post=17194"}],"curies":[{"name":"wp","href":"https:\/\/api.w.org\/{rel}","templated":true}]}}